{"id":29655,"date":"2025-05-28T11:18:25","date_gmt":"2025-05-28T11:18:25","guid":{"rendered":"https:\/\/tootmisdetail.ee\/?post_type=product&#038;p=29655"},"modified":"2025-06-03T12:33:50","modified_gmt":"2025-06-03T12:33:50","slug":"d-profiil-epdm-poorne-14x12mm","status":"publish","type":"product","link":"https:\/\/tootmisdetail.ee\/et\/toode\/d-profiil-epdm-poorne-14x12mm\/","title":{"rendered":"D-profiil EPDM poorne kummitihend liimiga 14x12mm"},"content":{"rendered":"","protected":false},"excerpt":{"rendered":"<p>Poorne EPDM kummitihend, millel on \u00fchel k\u00fcljel liimikiht, on suletud pooridega ja suurep\u00e4rase kuumakindlusega vahtkummi t\u00fc\u00fcp, mis muudab selle sobivaks kasutamiseks k\u00f5rge temperatuuriga keskkondades. Samuti on see vastupidav osoonile ja p\u00fcsivatele deformatsioonidele, mist\u00f5ttu on see usaldusv\u00e4\u00e4rne ja vastupidav valik erinevateks olukordades. Poorse EPDM kummi t\u00f6\u00f6temperatuurivahemik on -40\u00b0C kuni +100\u00b0C. Liimikiht sisaldab pol\u00fcprop\u00fcleenkiudu (PP), mis takistab materjali venimist paigaldamise ajal. See tagab ka materjali pikaajalisuse.<\/p>\n","protected":false},"featured_media":29757,"template":"","meta":{"inline_featured_image":false},"product_brand":[],"product_cat":[2615],"product_tag":[1528],"class_list":{"0":"post-29655","1":"product","2":"type-product","3":"status-publish","4":"has-post-thumbnail","6":"product_cat-d-profiil","7":"product_tag-rull-et","8":"pa_dimensions-14x12mm-et","10":"first","11":"instock","12":"taxable","13":"shipping-taxable","14":"purchasable","15":"product-type-simple"},"jetpack_sharing_enabled":true,"_links":{"self":[{"href":"https:\/\/tootmisdetail.ee\/et\/wp-json\/wp\/v2\/product\/29655","targetHints":{"allow":["GET"]}}],"collection":[{"href":"https:\/\/tootmisdetail.ee\/et\/wp-json\/wp\/v2\/product"}],"about":[{"href":"https:\/\/tootmisdetail.ee\/et\/wp-json\/wp\/v2\/types\/product"}],"wp:featuredmedia":[{"embeddable":true,"href":"https:\/\/tootmisdetail.ee\/et\/wp-json\/wp\/v2\/media\/29757"}],"wp:attachment":[{"href":"https:\/\/tootmisdetail.ee\/et\/wp-json\/wp\/v2\/media?parent=29655"}],"wp:term":[{"taxonomy":"product_brand","embeddable":true,"href":"https:\/\/tootmisdetail.ee\/et\/wp-json\/wp\/v2\/product_brand?post=29655"},{"taxonomy":"product_cat","embeddable":true,"href":"https:\/\/tootmisdetail.ee\/et\/wp-json\/wp\/v2\/product_cat?post=29655"},{"taxonomy":"product_tag","embeddable":true,"href":"https:\/\/tootmisdetail.ee\/et\/wp-json\/wp\/v2\/product_tag?post=29655"}],"curies":[{"name":"wp","href":"https:\/\/api.w.org\/{rel}","templated":true}]}}