{"id":29542,"date":"2025-05-26T09:54:07","date_gmt":"2025-05-26T09:54:07","guid":{"rendered":"https:\/\/tootmisdetail.ee\/?post_type=product&#038;p=29542"},"modified":"2025-05-28T07:55:56","modified_gmt":"2025-05-28T07:55:56","slug":"tookohamatt-pvc-vaht","status":"publish","type":"product","link":"https:\/\/tootmisdetail.ee\/et\/toode\/tookohamatt-pvc-vaht\/","title":{"rendered":"T\u00f6\u00f6kohamatt PVC-vaht"},"content":{"rendered":"","protected":false},"excerpt":{"rendered":"<p>Meie ergonoomilised PVC-vahtmaterjalist t\u00f6\u00f6kohamatid on m\u00f5eldud pakkuma erakordset mugavust ja tuge inimestele, kes t\u00f6\u00f6tades seisavad pikemat aega.<\/p>\n<p>Pehme PVC-vaht v\u00e4hendab v\u00e4simust ja ebamugavustunnet, pakkudes erakordset tuge ja v\u00e4hendades koormust jalgadele ning liigestele.<br \/>\nSaadaval halli v\u00f5i musta v\u00e4rvi, kollase hoiatusservaga. Kollane hoiatusserv parandab n\u00e4htavust ja aitab seel\u00e4bi v\u00e4ltida komistamist v\u00f5i kukkumist Need matid on libisemisvastase pinnaga ja neid on lihtne puhastada.  <\/p>\n<p>Saadaval terve rullina v\u00f5i m\u00f5\u00f5tu l\u00f5igatud mattidena, mis v\u00f5imaldavad paindlikku paigaldamist mis tahes ruumi.<\/p>\n","protected":false},"featured_media":29554,"template":"","meta":{"inline_featured_image":false},"product_brand":[],"product_cat":[1304],"product_tag":[1419],"class_list":{"0":"post-29542","1":"product","2":"type-product","3":"status-publish","4":"has-post-thumbnail","6":"product_cat-tookohamatid","7":"product_tag-sales-m2-et","8":"pa_color-hall-et","9":"pa_color-must-kollase-servaga","10":"pa_dimensions-95x910x18300mm-et","11":"pa_pattern-mustrita","12":"pa_pattern-diamond-et","14":"first","15":"instock","16":"taxable","17":"shipping-taxable","18":"purchasable","19":"product-type-variable"},"jetpack_sharing_enabled":true,"_links":{"self":[{"href":"https:\/\/tootmisdetail.ee\/et\/wp-json\/wp\/v2\/product\/29542","targetHints":{"allow":["GET"]}}],"collection":[{"href":"https:\/\/tootmisdetail.ee\/et\/wp-json\/wp\/v2\/product"}],"about":[{"href":"https:\/\/tootmisdetail.ee\/et\/wp-json\/wp\/v2\/types\/product"}],"wp:featuredmedia":[{"embeddable":true,"href":"https:\/\/tootmisdetail.ee\/et\/wp-json\/wp\/v2\/media\/29554"}],"wp:attachment":[{"href":"https:\/\/tootmisdetail.ee\/et\/wp-json\/wp\/v2\/media?parent=29542"}],"wp:term":[{"taxonomy":"product_brand","embeddable":true,"href":"https:\/\/tootmisdetail.ee\/et\/wp-json\/wp\/v2\/product_brand?post=29542"},{"taxonomy":"product_cat","embeddable":true,"href":"https:\/\/tootmisdetail.ee\/et\/wp-json\/wp\/v2\/product_cat?post=29542"},{"taxonomy":"product_tag","embeddable":true,"href":"https:\/\/tootmisdetail.ee\/et\/wp-json\/wp\/v2\/product_tag?post=29542"}],"curies":[{"name":"wp","href":"https:\/\/api.w.org\/{rel}","templated":true}]}}