{"id":29352,"date":"2025-05-14T07:30:15","date_gmt":"2025-05-14T07:30:15","guid":{"rendered":"https:\/\/tootmisdetail.ee\/?post_type=product&#038;p=29352"},"modified":"2025-05-14T07:36:43","modified_gmt":"2025-05-14T07:36:43","slug":"umartihend-nr-sbr","status":"publish","type":"product","link":"https:\/\/tootmisdetail.ee\/et\/toode\/umartihend-nr-sbr\/","title":{"rendered":"\u00dcmartihend NR\/SBR"},"content":{"rendered":"","protected":false},"excerpt":{"rendered":"<h2>\u00dcmartihendid valmistatud NR\/SBR-kummist, mida tuntakse ka kulutuskummi nime all, on kvaliteetne kummimaterjal, mis on spetsiaalselt loodud suurep\u00e4rase kulumiskindlusega. Suurep\u00e4rane valik projektideks, mille puhul on oluline eelk\u00f5ige vastupidavus ja pikaealisus.<\/h2>\n<p>Loe l\u00e4hemalt <span style=\"color: #0074c9;\"><a style=\"color: #0074c9;\" href=\"https:\/\/tootmisdetail.ee\/et\/toode\/nr-sbr-kumm\/\">NR\/SBR kummi omaduste kohta<\/a><\/span><\/p>\n<p>Vajad teistsugust suurust? K\u00fcsi hinnapakkumist.<\/p>\n","protected":false},"featured_media":29306,"template":"","meta":{"inline_featured_image":false},"product_brand":[],"product_cat":[2507],"product_tag":[1203],"class_list":{"0":"post-29352","1":"product","2":"type-product","3":"status-publish","4":"has-post-thumbnail","6":"product_cat-umartihend","7":"product_tag-muuk-m","8":"pa_dimensions-d70mm-et","10":"first","11":"instock","12":"taxable","13":"shipping-taxable","14":"purchasable","15":"product-type-simple"},"jetpack_sharing_enabled":true,"_links":{"self":[{"href":"https:\/\/tootmisdetail.ee\/et\/wp-json\/wp\/v2\/product\/29352","targetHints":{"allow":["GET"]}}],"collection":[{"href":"https:\/\/tootmisdetail.ee\/et\/wp-json\/wp\/v2\/product"}],"about":[{"href":"https:\/\/tootmisdetail.ee\/et\/wp-json\/wp\/v2\/types\/product"}],"wp:featuredmedia":[{"embeddable":true,"href":"https:\/\/tootmisdetail.ee\/et\/wp-json\/wp\/v2\/media\/29306"}],"wp:attachment":[{"href":"https:\/\/tootmisdetail.ee\/et\/wp-json\/wp\/v2\/media?parent=29352"}],"wp:term":[{"taxonomy":"product_brand","embeddable":true,"href":"https:\/\/tootmisdetail.ee\/et\/wp-json\/wp\/v2\/product_brand?post=29352"},{"taxonomy":"product_cat","embeddable":true,"href":"https:\/\/tootmisdetail.ee\/et\/wp-json\/wp\/v2\/product_cat?post=29352"},{"taxonomy":"product_tag","embeddable":true,"href":"https:\/\/tootmisdetail.ee\/et\/wp-json\/wp\/v2\/product_tag?post=29352"}],"curies":[{"name":"wp","href":"https:\/\/api.w.org\/{rel}","templated":true}]}}