{"id":29200,"date":"2025-05-13T06:54:21","date_gmt":"2025-05-13T06:54:21","guid":{"rendered":"https:\/\/tootmisdetail.ee\/product\/d-fenders\/"},"modified":"2025-05-13T07:04:30","modified_gmt":"2025-05-13T07:04:30","slug":"d-vendrid","status":"publish","type":"product","link":"https:\/\/tootmisdetail.ee\/et\/toode\/d-vendrid\/","title":{"rendered":"D-vendrid"},"content":{"rendered":"","protected":false},"excerpt":{"rendered":"<p>Vendrid on spetsiaalsed kummist kaitsed, mis paigaldatakse vees\u00f5iduki ja kai vahele, et v\u00e4ltida m\u00f5lema kahjustusi nii sildumise ajal kui ka kai \u00e4\u00e4res seistes. Need aitavad ennetada kriimustusi, m\u00f5lke ja muid vigastusi, mis v\u00f5ivad tekkida aluse ja kai kokkupuutel. Vendrid kinnitatakse kruvidega poomi v\u00f5i kai k\u00fclge. D-vendrid on maailmas laialdaselt kasutatavad. Nende lame tagak\u00fclg v\u00f5imaldab neid h\u00f5lpsasti paigaldada erinevatele pindadele, pakkudes usaldusv\u00e4\u00e4rset kaitset laevadele, kaidele ja t\u00f6\u00f6stusehitistele.<\/p>\n<p>Saadaval erinevates suurustes, k\u00fcsi lisainfot.<\/p>\n","protected":false},"featured_media":29183,"template":"","meta":{"inline_featured_image":false},"product_brand":[],"product_cat":[2499],"product_tag":[1203],"class_list":{"0":"post-29200","1":"product","2":"type-product","3":"status-publish","4":"has-post-thumbnail","6":"product_cat-d-vendrid","7":"product_tag-muuk-m","8":"pa_dimensions-95x110mm-et","10":"first","11":"instock","12":"taxable","13":"shipping-taxable","14":"purchasable","15":"product-type-simple"},"jetpack_sharing_enabled":true,"_links":{"self":[{"href":"https:\/\/tootmisdetail.ee\/et\/wp-json\/wp\/v2\/product\/29200","targetHints":{"allow":["GET"]}}],"collection":[{"href":"https:\/\/tootmisdetail.ee\/et\/wp-json\/wp\/v2\/product"}],"about":[{"href":"https:\/\/tootmisdetail.ee\/et\/wp-json\/wp\/v2\/types\/product"}],"wp:featuredmedia":[{"embeddable":true,"href":"https:\/\/tootmisdetail.ee\/et\/wp-json\/wp\/v2\/media\/29183"}],"wp:attachment":[{"href":"https:\/\/tootmisdetail.ee\/et\/wp-json\/wp\/v2\/media?parent=29200"}],"wp:term":[{"taxonomy":"product_brand","embeddable":true,"href":"https:\/\/tootmisdetail.ee\/et\/wp-json\/wp\/v2\/product_brand?post=29200"},{"taxonomy":"product_cat","embeddable":true,"href":"https:\/\/tootmisdetail.ee\/et\/wp-json\/wp\/v2\/product_cat?post=29200"},{"taxonomy":"product_tag","embeddable":true,"href":"https:\/\/tootmisdetail.ee\/et\/wp-json\/wp\/v2\/product_tag?post=29200"}],"curies":[{"name":"wp","href":"https:\/\/api.w.org\/{rel}","templated":true}]}}