{"id":28460,"date":"2025-03-10T10:33:36","date_gmt":"2025-03-10T10:33:36","guid":{"rendered":"https:\/\/tootmisdetail.ee\/product\/ehedg-3a-hugieeniline-roostevabast-terasest-kaepide\/"},"modified":"2025-04-21T12:12:10","modified_gmt":"2025-04-21T12:12:10","slug":"ehedg-3a-hugieeniline-roostevabast-terasest-kaepide","status":"publish","type":"product","link":"https:\/\/tootmisdetail.ee\/et\/toode\/ehedg-3a-hugieeniline-roostevabast-terasest-kaepide\/","title":{"rendered":"EHEDG 3A H\u00fcgieeniline roostevabast terasest k\u00e4epide"},"content":{"rendered":"<h3><strong>Vajadus h\u00fcgieeniliste k\u00e4epidemete j\u00e4rele kaasaegsetes t\u00f6\u00f6stusharudes<\/strong><\/h3>\n<p>Sellistes t\u00f6\u00f6stusharudes nagu toiduainet\u00f6\u00f6stus, farmaatsiat\u00f6\u00f6stus ja biotehnoloogia on laitmatu h\u00fcgieenistandardi s\u00e4ilitamine mitte ainult n\u00f5ue, vaid ka regulatiivne vajadus. Sageli t\u00e4helepanuta j\u00e4etud komponendid, nagu k\u00e4epidemed, m\u00e4ngivad keskset rolli rangete sanitaarnormide t\u00e4itmisel. EHEDG (European Hygienic Engineering &amp; Design Group) 3A-sertifitseeritud roostevabast terasest h\u00fcgieenik\u00e4epidemed on murranguline uuendus, mis on kohandatud h\u00fcgieenitundlikele keskkondadele.  <\/p>\n<hr>\n<h2><strong>Mis on EHEDG 3A h\u00fcgieenilised k\u00e4epidemed?<\/strong><\/h2>\n<p>EHEDG 3A h\u00fcgieenilised k\u00e4epidemed on konstrueeritud komponendid, mis on kavandatud vastama rangetele h\u00fcgieenin\u00f5uetele. Need k\u00e4epidemed on valmistatud roostevabast terasest, mis tagab vastupidavuse, korrosioonikindluse ja lihtsa hoolduse. Nende ergonoomiline disain minimeerib mustusep\u00fc\u00fcdeid ja mikroobide kasvu, mist\u00f5ttu on need ideaalne valik t\u00f6\u00f6stusharudele, kus puhtus ja sanitaarsus on esmat\u00e4htsad.  <\/p>\n<hr>\n<h2><strong>EHEDG 3A roostevabast terasest h\u00fcgieenik\u00e4epideme omadused<\/strong><\/h2>\n<h3><strong>1. Roostevabast terasest konstruktsioon<\/strong><\/h3>\n<p>Roostevabast terasest, eriti sellistest kvaliteediklassidest nagu AISI 304 ja AISI 316, on nende k\u00e4epideme materjal. Selle mittepoorsest pinnast ei saa saastuda ja selle k\u00f5rge korrosioonikindlus tagab pikaajalise toimimise ka karmides tingimustes. <\/p>\n<h3><strong>2. H\u00fcgieeniline disain<\/strong><\/h3>\n<p>EHEDG 3A h\u00fcgieenilistel k\u00e4epidemetel on siledad, \u00fcmarad pinnad ja pragudeta disain. See minimeerib mustuse, bakterite ja muude saasteainete kogunemist, tagades lihtsa puhastamise ja hoolduse. <\/p>\n<h3><strong>3. Sertifitseeritud vastavus<\/strong><\/h3>\n<p>EHEDG ja 3A sertifikaadid tagavad, et need k\u00e4epidemed vastavad \u00fclemaailmsetele h\u00fcgieeni- ja ohutusstandarditele. Neid on rangelt testitud, et tagada vastavus toiduainete ja farmaatsiakeskkonna sanitaarn\u00f5uetele. <\/p>\n<h3><strong>4. Lihtne paigaldus ja hooldus<\/strong><\/h3>\n<p>Need k\u00e4epidemed on m\u00f5eldud lihtsaks paigaldamiseks ja eemaldamiseks, mist\u00f5ttu neid on lihtne puhastada ja hooldada. See mitte ainult ei suurenda t\u00f6\u00f6 t\u00f5husust, vaid tagab ka h\u00fcgieeniprotokollide j\u00e4rgimise kontrollide ajal. <\/p>\n<hr>\n<h2><strong>EHEDG 3A h\u00fcgieeniliste k\u00e4epidemete rakendused peamistes t\u00f6\u00f6stusharudes<\/strong><\/h2>\n<h3><strong>1. Toiduainet\u00f6\u00f6stus<\/strong><\/h3>\n<p>Toiduainete t\u00f6\u00f6tlemise rajatistes, kus ristsaastumine v\u00f5ib olla katastroofiline, tagavad h\u00fcgieenilised k\u00e4epidemed, et seadmed j\u00e4\u00e4vad puhtaks ja ohutuks. Neid kasutatakse tavaliselt sellistes masinates nagu segistid, blenderid ja konveierid, kus on kohustuslik sagedane puhastamine. <\/p>\n<h3><strong>2. Farmaatsiat\u00f6\u00f6stus<\/strong><\/h3>\n<p>Ravimitootmine n\u00f5uab \u00fclipuhast keskkonda, et s\u00e4ilitada toote terviklikkus ja ohutus. EHEDG 3A k\u00e4epidemed sobivad ideaalselt puhtatesse ruumidesse ja steriilsetesse tootmisruumidesse, kus tuleb j\u00e4rgida rangeid h\u00fcgieenin\u00f5udeid. <\/p>\n<h3><strong>3. Biotehnoloogiat\u00f6\u00f6stus<\/strong><\/h3>\n<p>Biotehnoloogias, kus tundlikud protsessid, nagu fermentatsioon ja rakukultuur, on kriitilise t\u00e4htsusega, aitavad h\u00fcgieenilised k\u00e4epidemed kaasa saastevabale keskkonnale. Nende h\u00f5lpsasti puhastatav disain tagab t\u00f6\u00f6 t\u00f5hususe, ilma et see ohustaks ohutust. <\/p>\n<h3><strong>4. Tervishoid ja isiklik hooldus<\/strong><\/h3>\n<p>Need k\u00e4epidemed tagavad h\u00fcgieenilise k\u00e4sitsemise alates kirurgilistest seadmetest kuni isikliku hoolduse valmistamiseni, v\u00e4hendades saastumisohtu kriitilistes rakendustes.<\/p>\n<hr>\n<h2><strong>EHEDG 3A roostevabast terasest h\u00fcgieeniliste k\u00e4epidemete eelised<\/strong><\/h2>\n<h3><strong>1. T\u00e4iustatud h\u00fcgieenistandardid<\/strong><\/h3>\n<p>Silea, pragudeta disain v\u00e4hendab mikroobide kasvu ohtu, tagades k\u00f5rged h\u00fcgieenistandardid.<\/p>\n<h3><strong>2. Pikaealisus ja vastupidavus<\/strong><\/h3>\n<p>Roostevabast terasest konstruktsioon tagab vastupidavuse kulumisele, korrosioonile ja keemilistele puhastusvahenditele, pikendades k\u00e4epideme kasutusiga.<\/p>\n<h3><strong>3. \u00d5igusaktide t\u00e4itmine<\/strong><\/h3>\n<p>EHEDG ja 3A sertifikaatidega tagavad need k\u00e4epidemed vastavuse rahvusvahelistele h\u00fcgieenieeskirjadele, lihtsustades auditeid ja kontrolle.<\/p>\n<h3><strong>4. Operatiivne t\u00f5husus<\/strong><\/h3>\n<p>Nende lihtne puhastamine ja hooldus v\u00e4hendab seisakuid ja suurendab tootlikkust sanitaartundlikes t\u00f6\u00f6stusharudes.<\/p>\n<hr>\n<h2><strong>\u00d5ige EHEDG 3A h\u00fcgieenilise k\u00e4epideme valimine teie vajaduste jaoks<\/strong><\/h2>\n<p>\u00d5ige h\u00fcgieenilise k\u00e4epideme valimisel tuleb arvesse v\u00f5tta selliseid tegureid nagu materjali kvaliteet, disain ja kasutusn\u00f5uded. Optimaalse j\u00f5udluse tagamiseks veenduge, et k\u00e4epide on EHEDG ja 3A poolt sertifitseeritud ning vastab teie t\u00f6\u00f6stusharu erivajadustele. <\/p>\n<hr>\n<h2><strong>T\u00f5sta h\u00fcgieenilisust EHEDG 3A h\u00fcgieeniliste k\u00e4epidemetega<\/strong><\/h2>\n<p>EHEDG 3A h\u00fcgieenilised roostevabast terasest k\u00e4epidemed ei ole lihtsalt komponendid, vaid kriitilised elemendid k\u00f5rgete h\u00fcgieenistandardite s\u00e4ilitamisel. Nende tugev konstruktsioon, vastavus \u00fclemaailmsetele eeskirjadele ja mitmek\u00fclgsus muudavad need asendamatuks t\u00f6\u00f6stusharudes, kus puhtus ja ohutus on esmat\u00e4htsad. Investeerige nendesse uuenduslikesse k\u00e4epidemetesse, et tagada oma tegevuse t\u00f5husus, n\u00f5uetele vastavus ja saastevabadus.  <\/p>\n","protected":false},"excerpt":{"rendered":"<h3>Revolutsioon sanitaartehnilises disainis<\/h3>\n<p>See tarvik on optimaalne valik seadmete jaoks, mis peavad vastama rangetele h\u00fcgieenin\u00f5uetele.<\/p>\n<p>Tihend blokeerib vee ja bakterid ning takistab mitteh\u00fcgieenilist metall-metall kokkupanekut.<\/p>\n<p>Isevoolavad pinnad maksimaalse karedusega 0,8 \u00b5m Ra.<br \/>\nMaterjal Roostevaba teras 1.4301 ja silikoontihendiga.<\/p>\n<h2 class=\"product_title entry-title\">EHEDG 3A H\u00fcgieeniline k\u00e4epide<\/h2>\n<p>K\u00e4epide 3A M6-CC88<\/p>\n<p>K\u00e4epide 3A M6-CC100<\/p>\n<p>K\u00e4epide 3A M6-CC120<\/p>\n<p>K\u00e4epide 3A M6-CC180<\/p>\n","protected":false},"featured_media":28457,"template":"","meta":{"inline_featured_image":false},"product_brand":[],"product_cat":[2090],"product_tag":[],"class_list":{"0":"post-28460","1":"product","2":"type-product","3":"status-publish","4":"has-post-thumbnail","6":"product_cat-sertifitseeritud-ehedg-standardi-komponendid","8":"first","9":"instock","10":"taxable","11":"shipping-taxable","12":"product-type-simple"},"jetpack_sharing_enabled":true,"_links":{"self":[{"href":"https:\/\/tootmisdetail.ee\/et\/wp-json\/wp\/v2\/product\/28460","targetHints":{"allow":["GET"]}}],"collection":[{"href":"https:\/\/tootmisdetail.ee\/et\/wp-json\/wp\/v2\/product"}],"about":[{"href":"https:\/\/tootmisdetail.ee\/et\/wp-json\/wp\/v2\/types\/product"}],"wp:featuredmedia":[{"embeddable":true,"href":"https:\/\/tootmisdetail.ee\/et\/wp-json\/wp\/v2\/media\/28457"}],"wp:attachment":[{"href":"https:\/\/tootmisdetail.ee\/et\/wp-json\/wp\/v2\/media?parent=28460"}],"wp:term":[{"taxonomy":"product_brand","embeddable":true,"href":"https:\/\/tootmisdetail.ee\/et\/wp-json\/wp\/v2\/product_brand?post=28460"},{"taxonomy":"product_cat","embeddable":true,"href":"https:\/\/tootmisdetail.ee\/et\/wp-json\/wp\/v2\/product_cat?post=28460"},{"taxonomy":"product_tag","embeddable":true,"href":"https:\/\/tootmisdetail.ee\/et\/wp-json\/wp\/v2\/product_tag?post=28460"}],"curies":[{"name":"wp","href":"https:\/\/api.w.org\/{rel}","templated":true}]}}