{"id":28429,"date":"2025-02-25T16:11:34","date_gmt":"2025-02-25T16:11:34","guid":{"rendered":"https:\/\/tootmisdetail.ee\/product\/taielikult-keermestatud-spindliga-tasandusjalad\/"},"modified":"2025-02-25T16:11:34","modified_gmt":"2025-02-25T16:11:34","slug":"taielikult-keermestatud-spindliga-tasandusjalad","status":"publish","type":"product","link":"https:\/\/tootmisdetail.ee\/et\/toode\/taielikult-keermestatud-spindliga-tasandusjalad\/","title":{"rendered":"T\u00e4ielikult keermestatud spindliga tasandusjalad"},"content":{"rendered":"<h3>Tasandusjalgade omadused ja eelised<\/h3>\n<p>Tasandusjalad on \u00fcmardatud, h\u00fcgieenilise disainiga, mis muudab selle h\u00f5lpsasti puhastatavaks.<br \/>\nTasandusjalad tulevad toime kuni 10-kraadise kallakuga p\u00f5randate ja seadmete puhul.<\/p>\n<h3>Jalgade tasandamise materjalid<\/h3>\n<p>Tasandusjalad vulkaniseeritud kummist osa, millel on FDA sertifikaat vastavalt FDA CFR 21 177 2600.<\/p>\n<p>Alusplaadi materjali kirjeldus:<br \/>\nRoostevaba teras Aisi 304 v\u00f5i Aisi 316<\/p>\n<p>Spindli materjali kirjeldus:<br \/>\nRoostevaba teras A2-70 v\u00f5i A4-70<\/p>\n<p>Kummi alusmaterjali kirjeldus:<br \/>\nNBR Kaut\u0161uk (nitriilkumm CAS nr 9005-98-5)<br \/>\nFDA sertifikaat vastavalt FDA CFR 21 177 2600.<\/p>\n<p>K\u00f5ik materjalid on v\u00e4ga vastupidavad kemikaalidele ja tavaliselt kasutatavatele puhastusvahenditele ning vastupidavatele \u00f5lidele ja rasvadele.<\/p>\n<h3>Tasandusjalgade suurused<\/h3>\n<p>Tasandusjalgade alus on saadaval laias valikus, mis annab optimaalse paindlikkuse ja valikuv\u00f5imaluse.<\/p>\n<div class=\"dcf-overflow-x-auto\" tabindex=\"0\">\n<table class=\"dcf-table dcf-table-responsive dcf-table-bordered dcf-w-100%\">\n<thead>\n<tr>\n<th scope=\"col\">Baasi t\u00fc\u00fcp<\/th>\n<th scope=\"col\">Aluse l\u00e4bim\u00f5\u00f5t D<\/th>\n<th scope=\"col\">Nom. Koormus <\/th>\n<\/tr>\n<\/thead>\n<tbody>\n<tr>\n<td data-label=\"HMF Base Size\">HLF 50<\/td>\n<td data-label=\"Base Diameter D\">50mm<\/td>\n<td data-label=\"Nom. Load \">5.000 N<\/td>\n<\/tr>\n<tr>\n<td data-label=\"HMF Base Size\">HLF 60<\/td>\n<td data-label=\"Base Diameter D\">60mm<\/td>\n<td data-label=\"Nom. Load \">7.000 N<\/td>\n<\/tr>\n<tr>\n<td data-label=\"HMF Base Size\">HLF 80<\/td>\n<td data-label=\"Base Diameter D\">80mm<\/td>\n<td data-label=\"Nom. Load \">15.000 N<\/td>\n<\/tr>\n<tr>\n<td data-label=\"HMF Base Size\">HLF 100<\/td>\n<td data-label=\"Base Diameter D\">100mm<\/td>\n<td data-label=\"Nom. Load \">20.000 N<\/td>\n<\/tr>\n<tr>\n<td data-label=\"HMF Base Size\">HLF 120<\/td>\n<td data-label=\"Base Diameter D\">120mm<\/td>\n<td data-label=\"Nom. Load \">30.000 N<\/td>\n<\/tr>\n<tr>\n<td data-label=\"HMF Base Size\">HLF 140<\/td>\n<td data-label=\"Base Diameter D\">140mm<\/td>\n<td data-label=\"Nom. Load \">40.000 N<\/td>\n<\/tr>\n<\/tbody>\n<\/table>\n<\/div>\n<p>Tasandusjalgade spindleid on saadaval laias valikus, mis annab optimaalse paindlikkuse ja valikuv\u00f5imaluse.<\/p>\n<div class=\"dcf-overflow-x-auto\" tabindex=\"0\">\n<table class=\"dcf-table dcf-table-responsive dcf-table-bordered dcf-w-100%\">\n<caption>HLF spindli niidid<\/caption>\n<tbody>\n<tr>\n<td>M12<\/td>\n<td>M16<\/td>\n<td>M20<\/td>\n<td>M24<\/td>\n<td>M30<\/td>\n<td>M36<\/td>\n<td>M42<\/td>\n<td>M48<\/td>\n<\/tr>\n<\/tbody>\n<\/table>\n<\/div>\n<div class=\"dcf-overflow-x-auto\" tabindex=\"0\">\n<table class=\"dcf-table dcf-table-responsive dcf-table-bordered dcf-w-100%\">\n<caption>HLF Spindli pikkus (L)<\/caption>\n<tbody>\n<tr>\n<td>50mm<\/td>\n<td>70mm<\/td>\n<td>100mm<\/td>\n<td>120mm<\/td>\n<td>150mm<\/td>\n<td>180mm<\/td>\n<td>200mm<\/td>\n<td>230mm<\/td>\n<td>280mm<\/td>\n<td>330mm<\/td>\n<\/tr>\n<\/tbody>\n<\/table>\n<\/div>\n<p>Muude keermestatud spindlite pikkuse (L) saamiseks v\u00f5tke meiega \u00fchendust<br \/>\nKeermed on saadaval soovi korral<br \/>\nKeerme saab kohandada ka vastavalt konkreetsele soovile, nt trapetsikeerme jne.<\/p>\n<h3>Tasandusjalgade tarne v\u00f5imalus<\/h3>\n<p>Suurte tellimuste puhul pakume alus ja spindlid eraldi<br \/>\nEeliseks on paindlikkus kliendi jaoks, kes kasutab palju eri suurusega spindleid.<\/p>\n<h2 data-start=\"98\" data-end=\"144\">T\u00e4ielikult keermestatud spindliga tasandusjalad<\/h2>\n<h3 data-start=\"98\" data-end=\"144\">T\u00f5hustatud stabiilsus ja koormuse jaotamine<\/h3>\n<p data-start=\"145\" data-end=\"557\">T\u00e4ielikult keermestatud spindliga tasandusjalad pakuvad erakordset stabiilsust ja koormuse jaotumist, mist\u00f5ttu on need t\u00f6\u00f6stuslikes masinates ja seadmetes h\u00e4davajalikud. T\u00e4ielikult keermestatud konstruktsioon v\u00f5imaldab t\u00e4pset k\u00f5rguse reguleerimist, tagades optimaalse nivelleerimise isegi ebatasasel pinnal. See omadus on oluline seadmete j\u00f5udluse s\u00e4ilitamiseks, eriti sellistes t\u00f6\u00f6stusharudes nagu toiduainet\u00f6\u00f6stus, farmaatsiat\u00f6\u00f6stus ja pakendamine.  <\/p>\n<h3 data-start=\"559\" data-end=\"601\">Vastupidav roostevabast terasest konstruktsioon<\/h3>\n<p data-start=\"602\" data-end=\"981\">Kvaliteetsest roostevabast terasest valmistatud tasandusjalad on korrosioonikindlad ja vastupidavad. Nende tugev konstruktsioon tagab kauakestva t\u00f6\u00f6 karmides keskkondades, sealhulgas niiskuse, kemikaalide ja \u00e4\u00e4rmuslikel temperatuuridel. Selline vastupidavus mitte ainult ei pikenda seadmete kasutusiga, vaid v\u00e4hendab ka hoolduskulusid, mis muudab need kulut\u00f5husaks lahenduseks.  <\/p>\n<h3 data-start=\"983\" data-end=\"1022\">Lihtne paigaldus ja hooldus<\/h3>\n<p data-start=\"1023\" data-end=\"1432\">T\u00e4ielikult keermestatud spindel lihtsustab paigaldamist, v\u00f5imaldades kiiret ja lihtsat reguleerimist ilma spetsiaalsete t\u00f6\u00f6riistadeta. Selline konstruktsioon lihtsustab ka hooldust, kuna kohandusi saab kiiresti teha, et v\u00f5tta arvesse muutusi p\u00f5randatingimustes v\u00f5i seadmete koormuses. T\u00e4nu nende tasandusjalgade mitmek\u00fclgsusele sobivad need mitmesuguste rakenduste jaoks, alates konveieris\u00fcsteemidest kuni raskete masinateni.  <\/p>\n<h3 data-start=\"1434\" data-end=\"1474\">Vastavus h\u00fcgieenin\u00f5uetele<\/h3>\n<p data-start=\"1475\" data-end=\"1847\">T\u00f6\u00f6stusharudes, kus h\u00fcgieen on esmat\u00e4htis, n\u00e4iteks toidu- ja farmaatsiat\u00f6\u00f6stuses, vastavad t\u00e4ielikult keermestatud spindlitega tasandusjalad rangetele sanitaarnormidele. Nende siledad, kergesti puhastatavad pinnad takistavad mustuse ja bakterite kogunemist, tagades vastavuse t\u00f6\u00f6stusharu eeskirjadele. See muudab need ideaalseks valikuks puhasruumides kasutatavate seadmete jaoks.  <\/p>\n<h3 data-start=\"1849\" data-end=\"1911\">Ideaalne valik t\u00f6\u00f6stuslike rakenduste jaoks<\/h3>\n<p data-start=\"1912\" data-end=\"2236\" data-is-last-node=\"\" data-is-only-node=\"\">T\u00e4ielikult keermestatud spindlitega tasandusjalad tagavad t\u00e4iusliku kombinatsiooni stabiilsusest, vastupidavusest ja kasutusmugavusest. Nende tugev konstruktsioon, t\u00e4pne reguleeritavus ja h\u00fcgieeniline disain muudavad need asendamatuks kaasaegses t\u00f6\u00f6stuses, suurendades seadmete j\u00f5udlust ja tagades t\u00f6\u00f6stusstandardite t\u00e4itmise. <\/p>\n","protected":false},"excerpt":{"rendered":"<h2><strong>T\u00e4iuslik valik stabiilsuse ja t\u00e4psuse jaoks<\/strong><\/h2>\n<p>Nivelleerimisjalad koos kummist alusega vibratsiooni v\u00e4hendamiseks ja libisemisvastaste omadustega<br \/>\nMeie nivelleerimisjalad on varustatud FDA sertifikaadiga (FDA CFR 21 177 2600) koos unikaalse partii ID numbriga toiduohutuse j\u00e4lgitavuse tagamiseks.<\/p>\n","protected":false},"featured_media":28254,"template":"","meta":{"inline_featured_image":false},"product_brand":[],"product_cat":[2091,2125],"product_tag":[],"class_list":{"0":"post-28429","1":"product","2":"type-product","3":"status-publish","4":"has-post-thumbnail","6":"product_cat-roostevabast-terasest-tooted","7":"product_cat-toostuslikud-masina-tasandusjalad-roostevabast-terasest","9":"first","10":"instock","11":"taxable","12":"shipping-taxable","13":"product-type-simple"},"jetpack_sharing_enabled":true,"_links":{"self":[{"href":"https:\/\/tootmisdetail.ee\/et\/wp-json\/wp\/v2\/product\/28429","targetHints":{"allow":["GET"]}}],"collection":[{"href":"https:\/\/tootmisdetail.ee\/et\/wp-json\/wp\/v2\/product"}],"about":[{"href":"https:\/\/tootmisdetail.ee\/et\/wp-json\/wp\/v2\/types\/product"}],"wp:featuredmedia":[{"embeddable":true,"href":"https:\/\/tootmisdetail.ee\/et\/wp-json\/wp\/v2\/media\/28254"}],"wp:attachment":[{"href":"https:\/\/tootmisdetail.ee\/et\/wp-json\/wp\/v2\/media?parent=28429"}],"wp:term":[{"taxonomy":"product_brand","embeddable":true,"href":"https:\/\/tootmisdetail.ee\/et\/wp-json\/wp\/v2\/product_brand?post=28429"},{"taxonomy":"product_cat","embeddable":true,"href":"https:\/\/tootmisdetail.ee\/et\/wp-json\/wp\/v2\/product_cat?post=28429"},{"taxonomy":"product_tag","embeddable":true,"href":"https:\/\/tootmisdetail.ee\/et\/wp-json\/wp\/v2\/product_tag?post=28429"}],"curies":[{"name":"wp","href":"https:\/\/api.w.org\/{rel}","templated":true}]}}