{"id":28427,"date":"2025-02-25T16:08:14","date_gmt":"2025-02-25T16:08:14","guid":{"rendered":"https:\/\/tootmisdetail.ee\/product\/roostevabast-terasest-jalad-taielikult-keermestatud-spindliga\/"},"modified":"2025-02-25T16:08:14","modified_gmt":"2025-02-25T16:08:14","slug":"roostevabast-terasest-jalad-taielikult-keermestatud-spindliga","status":"publish","type":"product","link":"https:\/\/tootmisdetail.ee\/et\/toode\/roostevabast-terasest-jalad-taielikult-keermestatud-spindliga\/","title":{"rendered":"Roostevabast terasest jalad t\u00e4ielikult keermestatud spindliga"},"content":{"rendered":"<h2>T\u00e4ielikult keermestatud spindliga roostevabast terasest tugijalad<\/h2>\n<p>Roostevabast terasest jalad on \u00fcmardatud, h\u00fcgieenilise disainiga, mis muudab selle h\u00f5lpsasti puhastatavaks.<br \/>\nRoostevabast terasest jalad tulevad toime kuni 10-kraadise kallakuga p\u00f5randatel ja seadmetel.<\/p>\n<h2>Roostevabast terasest jalad h\u00fcgieenilistest materjalidest<\/h2>\n<p>Roostevabast terasest jalad kummist padi FDA sertifikaadiga vastavalt FDA CFR 21 177 2600.<\/p>\n<p>Alusplaadi materjali kirjeldus:<br \/>\nRoostevaba teras Aisi 304 v\u00f5i Aisi 316<\/p>\n<p>Spindli materjali kirjeldus:<br \/>\nRoostevaba teras A2-70 v\u00f5i A4-70<\/p>\n<p>Kummi alusmaterjali kirjeldus:<br \/>\nNBR Kaut\u0161uk (nitriilkumm CAS nr 9005-98-5)<br \/>\nFDA sertifikaat vastavalt FDA CFR 21 177 2600.<\/p>\n<p>K\u00f5ik materjalid on v\u00e4ga vastupidavad kemikaalidele ja tavaliselt kasutatavatele puhastusvahenditele ning vastupidavatele \u00f5lidele ja rasvadele.<\/p>\n<h2>Roostevabast terasest jalad h\u00fcgieenilise disainiga suurustes<\/h2>\n<p>Roostevabast terasest jalgade alus on saadaval laias valikus, mis annab optimaalse paindlikkuse ja valikuv\u00f5imaluse.<\/p>\n<div class=\"dcf-overflow-x-auto\" tabindex=\"0\">\n<table class=\"dcf-table dcf-table-bordered dcf-w-100%\">\n<thead>\n<tr>\n<th scope=\"col\">Baasi t\u00fc\u00fcp<\/th>\n<th scope=\"col\">Aluse l\u00e4bim\u00f5\u00f5t D<\/th>\n<\/tr>\n<\/thead>\n<tbody>\n<tr>\n<td data-label=\"PF Base Size\">HSF 38<\/td>\n<td data-label=\"Base Diameter D\">38 mm<\/td>\n<\/tr>\n<tr>\n<td data-label=\"PF Base Size\">HSF 58<\/td>\n<td data-label=\"Base Diameter D\">58 mm<\/td>\n<\/tr>\n<tr>\n<td data-label=\"PF Base Size\">HSF 78<\/td>\n<td data-label=\"Base Diameter D\">78 mm<\/td>\n<\/tr>\n<tr>\n<td data-label=\"PF Base Size\">HSF 98<\/td>\n<td data-label=\"Base Diameter D\">98 mm<\/td>\n<\/tr>\n<tr>\n<td data-label=\"PF Base Size\">HSF 118<\/td>\n<td data-label=\"Base Diameter D\">118 mm<\/td>\n<\/tr>\n<tr>\n<td data-label=\"PF Base Size\">HSF 138<\/td>\n<td data-label=\"Base Diameter D\">138 mm<\/td>\n<\/tr>\n<tr>\n<td data-label=\"PF Base Size\">HSF 158<\/td>\n<td data-label=\"Base Diameter D\">158 mm<\/td>\n<\/tr>\n<tr>\n<td data-label=\"PF Base Size\">HSF 178<\/td>\n<td data-label=\"Base Diameter D\">178 mm<\/td>\n<\/tr>\n<tr>\n<td data-label=\"PF Base Size\">HSF 198<\/td>\n<td data-label=\"Base Diameter D\">198 mm<\/td>\n<\/tr>\n<tr>\n<td data-label=\"PF Base Size\">HSF 248<\/td>\n<td data-label=\"Base Diameter D\">248 mm<\/td>\n<\/tr>\n<tr>\n<td data-label=\"PF Base Size\">HSF 298<\/td>\n<td data-label=\"Base Diameter D\">298 mm<\/td>\n<\/tr>\n<\/tbody>\n<\/table>\n<\/div>\n<p>Muude baasl\u00e4bim\u00f5\u00f5tude D puhul v\u00f5tke meiega \u00fchendust<br \/>\n. Nominalkoormus s\u00f5ltub spindli keermest<br \/>\nKummitalla puhul lisatakse numbritele j\u00e4relliide &#8220;R&#8221;. nt: HSF78-M16-L150-R.<\/p>\n<p>Roostevabast terasest jalgade spindlid on saadaval laias valikus, mis annab optimaalse paindlikkuse ja valikuv\u00f5imaluse.<\/p>\n<div class=\"dcf-overflow-x-auto\" tabindex=\"0\">\n<table class=\"dcf-table dcf-table-bordered dcf-w-100%\">\n<caption>HSF spindli keermed<\/caption>\n<thead>\n<tr>\n<td>M12<\/td>\n<td>M16<\/td>\n<td>M20<\/td>\n<td>M24<\/td>\n<td>M30<\/td>\n<td>M36<\/td>\n<td>M42<\/td>\n<td>M48<\/td>\n<\/tr>\n<\/thead>\n<\/table>\n<\/div>\n<div class=\"dcf-overflow-x-auto\" tabindex=\"0\">\n<table class=\"dcf-table dcf-table-bordered dcf-w-100%\">\n<caption>HSF Spindli pikkus (L)<\/caption>\n<tbody>\n<tr>\n<td>50mm<\/td>\n<td>70mm<\/td>\n<td>100mm<\/td>\n<td>120mm<\/td>\n<td>150mm<\/td>\n<td>180mm<\/td>\n<td>200mm<\/td>\n<td>230mm<\/td>\n<td>280mm<\/td>\n<td>330mm<\/td>\n<\/tr>\n<\/tbody>\n<\/table>\n<\/div>\n<p>Muude keermestatud spindlite pikkuse (L) saamiseks v\u00f5tke meiega \u00fchendust<br \/>\nKeermed on saadaval soovi korral<br \/>\nKeerme saab kohandada ka vastavalt konkreetsele soovile, nt trapetsikeerme jne.<\/p>\n","protected":false},"excerpt":{"rendered":"<p>M\u00f5eldud raskete koormuste kandmiseks rasketes tingimustes<br \/>\nRoostevabast terasest jalad v\u00f5ivad olla varustatud kummitallaga vibratsiooni v\u00e4hendamiseks ja libisemisvastaste omadustega<br \/>\nMeie h\u00fcgieenilised roostevabast terasest jalad on varustatud FDA sertifikaadiga (FDA CFR 21 177 2600) koos unikaalse partii ID-numbriga toiduohutuse j\u00e4lgitavuse tagamiseks.<\/p>\n","protected":false},"featured_media":28254,"template":"","meta":{"inline_featured_image":false},"product_brand":[],"product_cat":[2123,2091],"product_tag":[],"class_list":{"0":"post-28427","1":"product","2":"type-product","3":"status-publish","4":"has-post-thumbnail","6":"product_cat-masina-tasandusjalad-koos-tugeva-alusplaadiga","7":"product_cat-roostevabast-terasest-tooted","9":"first","10":"instock","11":"taxable","12":"shipping-taxable","13":"product-type-simple"},"jetpack_sharing_enabled":true,"_links":{"self":[{"href":"https:\/\/tootmisdetail.ee\/et\/wp-json\/wp\/v2\/product\/28427","targetHints":{"allow":["GET"]}}],"collection":[{"href":"https:\/\/tootmisdetail.ee\/et\/wp-json\/wp\/v2\/product"}],"about":[{"href":"https:\/\/tootmisdetail.ee\/et\/wp-json\/wp\/v2\/types\/product"}],"wp:featuredmedia":[{"embeddable":true,"href":"https:\/\/tootmisdetail.ee\/et\/wp-json\/wp\/v2\/media\/28254"}],"wp:attachment":[{"href":"https:\/\/tootmisdetail.ee\/et\/wp-json\/wp\/v2\/media?parent=28427"}],"wp:term":[{"taxonomy":"product_brand","embeddable":true,"href":"https:\/\/tootmisdetail.ee\/et\/wp-json\/wp\/v2\/product_brand?post=28427"},{"taxonomy":"product_cat","embeddable":true,"href":"https:\/\/tootmisdetail.ee\/et\/wp-json\/wp\/v2\/product_cat?post=28427"},{"taxonomy":"product_tag","embeddable":true,"href":"https:\/\/tootmisdetail.ee\/et\/wp-json\/wp\/v2\/product_tag?post=28427"}],"curies":[{"name":"wp","href":"https:\/\/api.w.org\/{rel}","templated":true}]}}