{"id":28392,"date":"2025-02-25T16:52:15","date_gmt":"2025-02-25T16:52:15","guid":{"rendered":"https:\/\/tootmisdetail.ee\/product\/roostevabast-terasest-hugieeniline-kulgjuhtimisklamber\/"},"modified":"2025-02-25T16:52:15","modified_gmt":"2025-02-25T16:52:15","slug":"roostevabast-terasest-hugieeniline-kulgjuhtimisklamber","status":"publish","type":"product","link":"https:\/\/tootmisdetail.ee\/et\/toode\/roostevabast-terasest-hugieeniline-kulgjuhtimisklamber\/","title":{"rendered":"Roostevabast terasest h\u00fcgieeniline k\u00fclgjuhtimisklamber"},"content":{"rendered":"<h2>H\u00fcgieenilisest roostevabast terasest k\u00fclgjuhik<\/h2>\n<p>K\u00f5ik h\u00fcgieenilised k\u00fclgjuhid HSG on konstrueeritud sileda pinnaga, ilma ebavajalike ribide, \u00e4\u00e4rikute, s\u00fcvendite v\u00f5i paigaldusavadeta, mis v\u00e4hendab varjatud saasteallikate ohtu. Sileda pinna t\u00f5ttu on puhastamine lihtsam ja varjatud saastumise oht minimaalne. <\/p>\n<h2>Roostevabast terasest k\u00fclgmised juhiklambrid<\/h2>\n<p>Meie k\u00fclgjuhid on m\u00f5eldud t\u00f6\u00f6stusharudele, kus on pidevalt suuremad n\u00f5udmised materjali vastupidavusele ja kergesti puhastatavale disainile. Sellised t\u00f6\u00f6stusharud nagu: Meditsiiniseadmed, toidu- ja ravimit\u00f6\u00f6tlemisseadmed, pakendamismasinad, 3A disainiga liha- ja linnulihat\u00f6\u00f6tlemisseadmed, piimat\u00f6\u00f6tlemismasinad. <\/p>\n<h2>Roostevabast terasest h\u00fcgieeniline k\u00fclgjuhtimiskonks on saadaval j\u00e4rgmistel t\u00fc\u00fcpidel<\/h2>\n<p>HSG k\u00fclgjuhtimisklamber koos mutri, silmapoldi ja seibiga roostevabast terasest AISI 304 (Aisi 1.4301).<br \/>\nHSG155-59<br \/>\nHSG164-64<br \/>\nHSG229-97<\/p>\n<h2>Olulised komponendid<\/h2>\n<div class=\"flex-1 overflow-hidden\">\n<div class=\"react-scroll-to-bottom--css-zuvue-79elbk h-full\">\n<div class=\"react-scroll-to-bottom--css-zuvue-1n7m0yu\">\n<div class=\"flex flex-col text-sm pb-9\">\n<div class=\"w-full text-token-text-primary\" dir=\"auto\" data-testid=\"conversation-turn-3\">\n<div class=\"px-4 py-2 justify-center text-base md:gap-6 m-auto\">\n<div class=\"flex flex-1 text-base mx-auto gap-3 juice:gap-4 juice:md:gap-6 md:px-5 lg:px-1 xl:px-5 md:max-w-3xl lg:max-w-[40rem] xl:max-w-[48rem]\">\n<div class=\"relative flex w-full min-w-0 flex-col agent-turn\">\n<div class=\"flex-col gap-1 md:gap-3\">\n<div class=\"flex flex-grow flex-col max-w-full\">\n<div class=\"min-h-[20px] text-message flex flex-col items-start gap-3 whitespace-pre-wrap break-words [.text-message+&amp;]:mt-5 overflow-x-auto\" dir=\"auto\" data-message-author-role=\"assistant\" data-message-id=\"4a371a24-96b4-47d4-9826-8b99be2b030a\">\n<div class=\"markdown prose w-full break-words dark:prose-invert light\">\n<p>K\u00fclgjuhikud on olulised komponendid erinevates t\u00f6\u00f6stusharudes, eriti seal, kus on suured n\u00f5udmised materjalikindlusele ja n\u00f5ue kergesti puhastatavale konstruktsioonile. Siin on kirjeldatud, kuidas k\u00fclgjuhikud on kohandatud teie mainitud t\u00f6\u00f6stusharude jaoks: <\/p>\n<h2>Meditsiinilised seadmed<\/h2>\n<p>Selles t\u00f6\u00f6stusharus on k\u00fclgjuhikud konstrueeritud nii, et nad peavad vastu sagedasele puhastamisele ja kokkupuutele karmide desinfitseerimisvahenditega, ilma et nad korrodeeruksid v\u00f5i sisaldaksid baktereid. Samuti peavad need sobima meditsiinis kasutatavatele steriilsetele keskkondadele. <\/p>\n<h2>Toiduainete ja ravimite t\u00f6\u00f6tlemise seadmed<\/h2>\n<p>Nende sektorite jaoks peavad k\u00fclgjuhikud olema valmistatud materjalidest, mis ei reageeri t\u00f6\u00f6deldavate toiduainete v\u00f5i ravimitega. Samuti peavad need toetama p\u00f5hjalikke puhastusprotsesse, et v\u00e4ltida ristsaastumist ja tagada vastavus tervishoiu- ja ohutusstandarditele. <\/p>\n<h2>Pakendimasinad<\/h2>\n<p>Siinkohal peavad k\u00fclgjuhikud olema vastupidavad ja suutma t\u00f5rgeteta t\u00f6\u00f6tada pidevas kasutuses. Need peavad olema konstrueeritud nii, et nad suudavad t\u00f5husalt k\u00e4sitleda eri suurusega pakendeid ja materjale, s\u00e4ilitades samal ajal pakkeliini terviklikkuse. <\/p>\n<h2>3A Design-Liha ja kodulinnuliha t\u00f6\u00f6tlemise seadmed<\/h2>\n<p>Eelk\u00f5ige liha- ja linnuliha t\u00f6\u00f6tlemisel peavad k\u00fclgjuhikud vastama 3A sanitaarnormidele, mis r\u00f5hutavad siledaid, mitteimavaid pindu, mida on lihtne puhastada. See takistab bakterite kasvu ja saastumist, mis on toore liha ja kodulindude t\u00f6\u00f6tlemisel kriitilise t\u00e4htsusega. <\/p>\n<h2>Piimat\u00f6\u00f6tlemismasinad<\/h2>\n<p>Sarnaselt liha- ja linnulihat\u00f6\u00f6tlemisele on ka piimatoodete t\u00f6\u00f6tlemisel vaja rangetele sanitaarn\u00f5uetele vastavaid k\u00fclgmisi juhte. Tootekvaliteedi ja ohutuse s\u00e4ilitamiseks peavad seadmed olema vastupidavad piimaj\u00e4\u00e4kide kogunemisele ja neid peab olema lihtne desinfitseerida. <\/p>\n<h2>Materjali valik<\/h2>\n<p>K\u00f5igi nende rakenduste puhul on k\u00fclgjuhtide materjali valik (n\u00e4iteks roostevaba teras v\u00f5i teatavad pol\u00fcmeerid) ja nende disain (n\u00e4iteks \u00fcmarad nurgad ja minimaalsed praod) suunatud saastumisriski minimeerimisele ning maksimaalsele vastupidavusele ja puhtusele.<\/p>\n<\/div>\n<\/div>\n<\/div>\n<\/div>\n<\/div>\n<\/div>\n<\/div>\n<\/div>\n<\/div>\n<\/div>\n<\/div>\n<\/div>\n","protected":false},"excerpt":{"rendered":"<h2>Roostevabast terasest 304 (Aisi 1.4301) h\u00fcgieeniline k\u00fclgjuhtimisklamber.<\/h2>\n<p>HSG k\u00fclgjuhtimisklamber koos mutri, silmapoldi ja seibiga roostevabast terasest AISI 304 (Aisi 1.4301).<\/p>\n","protected":false},"featured_media":28380,"template":"","meta":{"inline_featured_image":false},"product_brand":[],"product_cat":[2119,2091],"product_tag":[],"class_list":{"0":"post-28392","1":"product","2":"type-product","3":"status-publish","4":"has-post-thumbnail","6":"product_cat-roostevabast-terasest-hugieenilised-masinaosad","7":"product_cat-roostevabast-terasest-tooted","9":"first","10":"instock","11":"taxable","12":"shipping-taxable","13":"product-type-simple"},"jetpack_sharing_enabled":true,"_links":{"self":[{"href":"https:\/\/tootmisdetail.ee\/et\/wp-json\/wp\/v2\/product\/28392","targetHints":{"allow":["GET"]}}],"collection":[{"href":"https:\/\/tootmisdetail.ee\/et\/wp-json\/wp\/v2\/product"}],"about":[{"href":"https:\/\/tootmisdetail.ee\/et\/wp-json\/wp\/v2\/types\/product"}],"wp:featuredmedia":[{"embeddable":true,"href":"https:\/\/tootmisdetail.ee\/et\/wp-json\/wp\/v2\/media\/28380"}],"wp:attachment":[{"href":"https:\/\/tootmisdetail.ee\/et\/wp-json\/wp\/v2\/media?parent=28392"}],"wp:term":[{"taxonomy":"product_brand","embeddable":true,"href":"https:\/\/tootmisdetail.ee\/et\/wp-json\/wp\/v2\/product_brand?post=28392"},{"taxonomy":"product_cat","embeddable":true,"href":"https:\/\/tootmisdetail.ee\/et\/wp-json\/wp\/v2\/product_cat?post=28392"},{"taxonomy":"product_tag","embeddable":true,"href":"https:\/\/tootmisdetail.ee\/et\/wp-json\/wp\/v2\/product_tag?post=28392"}],"curies":[{"name":"wp","href":"https:\/\/api.w.org\/{rel}","templated":true}]}}