{"id":28377,"date":"2025-02-25T16:49:26","date_gmt":"2025-02-25T16:49:26","guid":{"rendered":"https:\/\/tootmisdetail.ee\/product\/mini-padja-plokkide-uksused-roostevabast-terasest-sup\/"},"modified":"2025-02-25T16:49:26","modified_gmt":"2025-02-25T16:49:26","slug":"mini-padja-plokkide-uksused-roostevabast-terasest-sup","status":"publish","type":"product","link":"https:\/\/tootmisdetail.ee\/et\/toode\/mini-padja-plokkide-uksused-roostevabast-terasest-sup\/","title":{"rendered":"Mini padja plokkide \u00fcksused roostevabast terasest SUP"},"content":{"rendered":"<h2>Minipolsterplokid roostevabast terasest SUP omadused ja eelised.<\/h2>\n<ul>\n<li>Roostevabast terasest korpus AISI 304<\/li>\n<li>Roostevabast terasest laagrid AISI 440C<\/li>\n<li>Pitsat: Nitriilkummi (NBR) v\u00f5i FDA poolt heakskiidetud silikoon (Si) kummi.<\/li>\n<li>Kitsad laagrid<\/li>\n<li>Pinnakate ei ole vajalik<\/li>\n<li>Ekstsentriline krae lukk<\/li>\n<li>Suurep\u00e4rane eluiga<\/li>\n<li>T\u00f6\u00f6temperatuur on vahemikus -30\u00b0C kuni +120\u00b0C.<\/li>\n<\/ul>\n<h2>Roostevabast terasest mini-padjaplokid eksentrilise krae lukuga.<\/h2>\n<p>Laager: SUS440C<br \/>\nBearing House: SUS304<br \/>\nKaeluse lukustamine: SUS304<br \/>\nPuurim\u00f5\u00f5t: 10mm kuni 35mm<\/p>\n<h2>Mini roostevaba padjaplokk SUP suurused.<\/h2>\n<table width=\"252\">\n<tbody>\n<tr>\n<td width=\"126\">V\u00f5lli l\u00e4bim\u00f5\u00f5t<\/td>\n<td width=\"126\">Kataloogi nr.<\/td>\n<\/tr>\n<tr>\n<td width=\"126\">SUP000<\/td>\n<td width=\"126\">10mm telg<\/td>\n<\/tr>\n<tr>\n<td width=\"126\">SUP001<\/td>\n<td width=\"126\">12mm telg<\/td>\n<\/tr>\n<tr>\n<td width=\"126\">SUP002<\/td>\n<td width=\"126\">15mm telg<\/td>\n<\/tr>\n<tr>\n<td width=\"126\">SUP003<\/td>\n<td width=\"126\">17mm telg<\/td>\n<\/tr>\n<tr>\n<td width=\"126\">SUP004<\/td>\n<td width=\"126\">20mm telg<\/td>\n<\/tr>\n<tr>\n<td width=\"126\">SUP005<\/td>\n<td width=\"126\">25mm telg<\/td>\n<\/tr>\n<tr>\n<td width=\"126\">SUP006<\/td>\n<td width=\"126\">30mm telg<\/td>\n<\/tr>\n<tr>\n<td width=\"126\">SUP007<\/td>\n<td width=\"126\">35mm telg<\/td>\n<\/tr>\n<\/tbody>\n<\/table>\n<p>SUP00x on v\u00f5imalik tarnida avatud v\u00f5i suletud korgiga.<br \/>\nAvatud korgiga plastikust, laagrinumbritele lisatakse j\u00e4relliide &#8220;OC&#8221;. nt: SUP00xOC<br \/>\nSuletud korgiga plastikust, laagrinumbritele lisatakse j\u00e4relliide &#8220;CC&#8221;. nt: SUP00xCC<\/p>\n","protected":false},"excerpt":{"rendered":"<h2>Mini roostevabast padjaplokk-laagri\u00fcksus koos ekstsentrilise krae lukustusega.<\/h2>\n<p>SUP t\u00fc\u00fcpi roostevabast terasest minilaagri\u00fcksus, mis on ekstsentrilise krae lukuga, on eriti kitsad ja h\u00fcgieenilise disainiga laagri\u00fcksused, mis sobivad toiduainete tootmises ja muudes n\u00f5udlikes keskkondades.<\/p>\n","protected":false},"featured_media":28353,"template":"","meta":{"inline_featured_image":false},"product_brand":[],"product_cat":[2117,2091],"product_tag":[],"class_list":{"0":"post-28377","1":"product","2":"type-product","3":"status-publish","4":"has-post-thumbnail","6":"product_cat-roostevabast-terasest-minilaagriuksused","7":"product_cat-roostevabast-terasest-tooted","9":"first","10":"instock","11":"taxable","12":"shipping-taxable","13":"product-type-simple"},"jetpack_sharing_enabled":true,"_links":{"self":[{"href":"https:\/\/tootmisdetail.ee\/et\/wp-json\/wp\/v2\/product\/28377","targetHints":{"allow":["GET"]}}],"collection":[{"href":"https:\/\/tootmisdetail.ee\/et\/wp-json\/wp\/v2\/product"}],"about":[{"href":"https:\/\/tootmisdetail.ee\/et\/wp-json\/wp\/v2\/types\/product"}],"wp:featuredmedia":[{"embeddable":true,"href":"https:\/\/tootmisdetail.ee\/et\/wp-json\/wp\/v2\/media\/28353"}],"wp:attachment":[{"href":"https:\/\/tootmisdetail.ee\/et\/wp-json\/wp\/v2\/media?parent=28377"}],"wp:term":[{"taxonomy":"product_brand","embeddable":true,"href":"https:\/\/tootmisdetail.ee\/et\/wp-json\/wp\/v2\/product_brand?post=28377"},{"taxonomy":"product_cat","embeddable":true,"href":"https:\/\/tootmisdetail.ee\/et\/wp-json\/wp\/v2\/product_cat?post=28377"},{"taxonomy":"product_tag","embeddable":true,"href":"https:\/\/tootmisdetail.ee\/et\/wp-json\/wp\/v2\/product_tag?post=28377"}],"curies":[{"name":"wp","href":"https:\/\/api.w.org\/{rel}","templated":true}]}}