{"id":28343,"date":"2025-02-25T16:43:51","date_gmt":"2025-02-25T16:43:51","guid":{"rendered":"https:\/\/tootmisdetail.ee\/product\/nelinurkne-4-poldiline-aarik-fpl-kuullaagriuksus\/"},"modified":"2025-02-25T16:43:51","modified_gmt":"2025-02-25T16:43:51","slug":"nelinurkne-4-poldiline-aarik-fpl-kuullaagriuksus","status":"publish","type":"product","link":"https:\/\/tootmisdetail.ee\/et\/toode\/nelinurkne-4-poldiline-aarik-fpl-kuullaagriuksus\/","title":{"rendered":"Nelinurkne 4-poldiline \u00e4\u00e4rik FPL kuullaagri\u00fcksus"},"content":{"rendered":"<h2>Omadused ja eelised<\/h2>\n<ul>\n<li>T\u00f6\u00f6temperatuur vahemikus -20C kuni +100C.<\/li>\n<li>\u00d6konoomne t\u00f6\u00f6.<\/li>\n<li>Pika elueaga laagris\u00fcsti.<\/li>\n<li>Kontseptsioon ja disain, mis vastab k\u00f5igile ohutusn\u00f5uetele.<\/li>\n<li>Vahetatavad standardsete malmist \u00e4\u00e4rikuga laagritugedega.<\/li>\n<li>Maksimaalne k\u00f5rvalekalle v\u00f5lli ja korpuse vahel: 3 kraadi.<\/li>\n<li>T\u00e4ielikult suletud seadmed.<\/li>\n<li>Roostevabast terasest m\u00e4\u00e4rdeniplid AISI304 M6x1mm<\/li>\n<li>Roostevabast terasest laagrid AISI 440C (eelv\u00f5etud)<\/li>\n<li>Kuullaager, mis on eelv\u00f5etud pika kasutuseaga m\u00e4\u00e4rdeainega, mis on ideaalne niisketes tingimustes, vee, leeliseliste v\u00f5i happeliste lahuste kasutamisel.<\/li>\n<\/ul>\n<h2>Saadaval olevad suurused<\/h2>\n<div class=\"dcf-overflow-x-auto\" tabindex=\"0\">\n<table class=\"dcf-table dcf-table-bordered dcf-w-100%\">\n<thead>\n<tr>\n<th scope=\"col\">V\u00f5lli l\u00e4bim\u00f5\u00f5t<\/th>\n<th scope=\"col\">Kataloogi nr.<\/th>\n<\/tr>\n<\/thead>\n<tbody>\n<tr>\n<td data-label=\"Shaft Diameter\">\u00d820 mm<\/td>\n<td data-label=\"Catalog No.\">FPL 204<\/td>\n<\/tr>\n<tr>\n<td data-label=\"Shaft Diameter\">\u00d825 mm<\/td>\n<td data-label=\"Catalog No.\">FPL 205<\/td>\n<\/tr>\n<tr>\n<td data-label=\"Shaft Diameter\">\u00d830 mm<\/td>\n<td data-label=\"Catalog No.\">FPL 206<\/td>\n<\/tr>\n<tr>\n<td data-label=\"Shaft Diameter\">\u00d835 mm<\/td>\n<td data-label=\"Catalog No.\">FPL 207<\/td>\n<\/tr>\n<tr>\n<td data-label=\"Shaft Diameter\">\u00d840 mm<\/td>\n<td data-label=\"Catalog No.\">FPL 208<\/td>\n<\/tr>\n<tr>\n<td data-label=\"Shaft Diameter\">\u00d845 mm<\/td>\n<td data-label=\"Catalog No.\">FPL 209<\/td>\n<\/tr>\n<tr>\n<td data-label=\"Shaft Diameter\">\u00d850 mm<\/td>\n<td data-label=\"Catalog No.\">FPL 210<\/td>\n<\/tr>\n<tr>\n<td data-label=\"Shaft Diameter\">\u00d855 mm<\/td>\n<td data-label=\"Catalog No.\">FPL 211<\/td>\n<\/tr>\n<tr>\n<td data-label=\"Shaft Diameter\">\u00d860 mm<\/td>\n<td data-label=\"Catalog No.\">FPL 212<\/td>\n<\/tr>\n<\/tbody>\n<\/table>\n<\/div>\n<p>FPL20x on v\u00f5imalik tarnida avatud v\u00f5i suletud korgiga.<br \/>\nAvatud korgiga, laagrinumbritele lisatakse j\u00e4relliide &#8220;OC&#8221;. n\u00e4iteks: FPL204OC<br \/>\nSuletud korgiga, laagrinumbritele lisatakse j\u00e4relliide &#8220;CC&#8221;. n\u00e4iteks: FPL204CC.<\/p>\n<h2 data-start=\"0\" data-end=\"102\">Nelinurkne 4-poldiline \u00e4\u00e4rik FPL kuullaagri\u00fcksus<\/h2>\n<h3 data-start=\"0\" data-end=\"102\">T\u00e4psus ja usaldusv\u00e4\u00e4rsus t\u00f6\u00f6stuslikes rakendustes<\/h3>\n<p data-start=\"124\" data-end=\"555\"><strong data-start=\"128\" data-end=\"174\">Nelinurkne 4-poldiline \u00e4\u00e4rikuga FPL-kuulalaagri\u00fcksus<\/strong> on t\u00f6\u00f6stuslike masinate oluline komponent, mis pakub tugevat tuge ja sujuvat p\u00f6\u00f6rlemist. See raskekaaluliste rakenduste jaoks kavandatud laagri\u00fcksus tagab stabiilsuse, vastupidavuse ja suurep\u00e4rase koormuse jaotuse. Sellised t\u00f6\u00f6stusharud nagu toiduainet\u00f6\u00f6stus, farmaatsiat\u00f6\u00f6stus, pakendamine ja rasket\u00f6\u00f6stus tuginevad nendele seadmetele t\u00f5husa ja hooldusvaba t\u00f6\u00f6 tagamiseks.  <\/p>\n<h3 data-start=\"557\" data-end=\"626\">Nelinurkse 4-poldilise \u00e4\u00e4rikuga FPL-kuullaagri\u00fcksuse peamised omadused<\/h3>\n<ol data-start=\"627\" data-end=\"1273\">\n<li data-start=\"627\" data-end=\"776\"><strong data-start=\"630\" data-end=\"657\">Raske konstruktsioon<\/strong> &#8211; Valmistatud kvaliteetsetest materjalidest, nagu roostevaba teras v\u00f5i malm, mis tagab vastupidavuse n\u00f5udlikes keskkondades.<\/li>\n<li data-start=\"777\" data-end=\"906\"><strong data-start=\"780\" data-end=\"799\">Turvaline paigaldus<\/strong> &#8211; <strong data-start=\"806\" data-end=\"826\">nelja poldi konstruktsioon<\/strong> tagab suurep\u00e4rase stabiilsuse, takistab paigutusvead ja v\u00e4hendab vibratsiooni.<\/li>\n<li data-start=\"907\" data-end=\"1025\"><strong data-start=\"910\" data-end=\"938\">Enesereguleerimisv\u00f5ime<\/strong> &#8211; V\u00f5imaldab v\u00f5lli kerge paigutusega kohaneda, tagades sujuva ja t\u00f5husa t\u00f6\u00f6.<\/li>\n<li data-start=\"1026\" data-end=\"1132\"><strong data-start=\"1029\" data-end=\"1063\">Eluaegne tihendatud ja \u00f5litatud<\/strong> &#8211; v\u00e4hendab hooldust\u00f6id, suurendades samal ajal pikaealisust ja usaldusv\u00e4\u00e4rsust.<\/li>\n<li data-start=\"1133\" data-end=\"1273\"><strong data-start=\"1136\" data-end=\"1167\">Korrosioonikindlad valikud<\/strong> &#8211; toiduainete, jookide ja farmaatsiatoodete jaoks on saadaval roostevabast terasest v\u00f5i kaetud variandid.<\/li>\n<\/ol>\n<h3 data-start=\"1275\" data-end=\"1341\">Nelinurkse 4-poldilise \u00e4\u00e4riku FPL kuullaagri\u00fcksuste rakendused<\/h3>\n<ul data-start=\"1342\" data-end=\"1690\">\n<li data-start=\"1342\" data-end=\"1468\"><strong data-start=\"1344\" data-end=\"1374\">Toidu- ja joogit\u00f6\u00f6stus<\/strong> &#8211; Kasutatakse konveierites, segistites ja t\u00e4iturmasinates, kus h\u00fcgieen ja vastupidavus on \u00fcliolulised.<\/li>\n<li data-start=\"1469\" data-end=\"1578\"><strong data-start=\"1471\" data-end=\"1503\">Farmaatsiat\u00f6\u00f6stus<\/strong> &#8211; tagab t\u00f6\u00f6tlemisliinide t\u00e4psuse minimaalse saastumisriskiga.<\/li>\n<li data-start=\"1579\" data-end=\"1690\"><strong data-start=\"1581\" data-end=\"1622\">Raskemasinad ja pakendiseadmed<\/strong> &#8211; pakub tugevat tuge p\u00f6\u00f6rlevate v\u00f5llide jaoks automatiseeritud s\u00fcsteemides.<\/li>\n<\/ul>\n<h2 data-start=\"1692\" data-end=\"1709\">T\u00e4psus, stabiilsus ja vastupidavus t\u00f6\u00f6stuslike rakenduste jaoks<\/h2>\n<p data-start=\"1710\" data-end=\"1979\"><strong data-start=\"1714\" data-end=\"1760\">Nelinurkne 4-poldiline \u00e4\u00e4rikuga FPL-kuulalaagri\u00fcksus<\/strong> on oluline komponent t\u00f6\u00f6stuslike masinate t\u00f5hususe, t\u00e4psuse ja t\u00f6\u00f6kindluse tagamiseks. Selle <strong data-start=\"1865\" data-end=\"1922\">tugev konstruktsioon, lihtne paigaldus ja v\u00e4hene hooldus<\/strong> teevad sellest eelistatud valiku paljudes t\u00f6\u00f6stusharudes. <\/p>\n","protected":false},"excerpt":{"rendered":"<h2>T\u00e4psus ja usaldusv\u00e4\u00e4rsus t\u00f6\u00f6stuslikes rakendustes<\/h2>\n<p>Pol\u00fcprop\u00fcleenist laagrikorpus IP54. (V\u00e4rv on must, valge v\u00f5i sinine)<br \/>\nIP54 laagrikorpusel on reguleeritav eelv\u00f5etud kroomterasest v\u00f5i eelv\u00f5etud roostevabast terasest kuullaager.<br \/>\nLaagrit saab uuesti \u00f5litada m\u00e4\u00e4rde- v\u00f5i kiirliitmiku abil.<br \/>\nIP54 laagrikorpus on varustatud kinnitatava kaitsekorgiga.<br \/>\nP\u00f6\u00f6rlev v\u00f5lli tihendusr\u00f5ngas (TC) koos t\u00e4iendava NBR-kummist tolmukaitselise huulega. <\/p>\n","protected":false},"featured_media":28329,"template":"","meta":{"inline_featured_image":false},"product_brand":[],"product_cat":[2112,2091],"product_tag":[],"class_list":{"0":"post-28343","1":"product","2":"type-product","3":"status-publish","4":"has-post-thumbnail","6":"product_cat-laagriuksused-ip54-komposiitkorpuses","7":"product_cat-roostevabast-terasest-tooted","9":"first","10":"instock","11":"taxable","12":"shipping-taxable","13":"product-type-simple"},"jetpack_sharing_enabled":true,"_links":{"self":[{"href":"https:\/\/tootmisdetail.ee\/et\/wp-json\/wp\/v2\/product\/28343","targetHints":{"allow":["GET"]}}],"collection":[{"href":"https:\/\/tootmisdetail.ee\/et\/wp-json\/wp\/v2\/product"}],"about":[{"href":"https:\/\/tootmisdetail.ee\/et\/wp-json\/wp\/v2\/types\/product"}],"wp:featuredmedia":[{"embeddable":true,"href":"https:\/\/tootmisdetail.ee\/et\/wp-json\/wp\/v2\/media\/28329"}],"wp:attachment":[{"href":"https:\/\/tootmisdetail.ee\/et\/wp-json\/wp\/v2\/media?parent=28343"}],"wp:term":[{"taxonomy":"product_brand","embeddable":true,"href":"https:\/\/tootmisdetail.ee\/et\/wp-json\/wp\/v2\/product_brand?post=28343"},{"taxonomy":"product_cat","embeddable":true,"href":"https:\/\/tootmisdetail.ee\/et\/wp-json\/wp\/v2\/product_cat?post=28343"},{"taxonomy":"product_tag","embeddable":true,"href":"https:\/\/tootmisdetail.ee\/et\/wp-json\/wp\/v2\/product_tag?post=28343"}],"curies":[{"name":"wp","href":"https:\/\/api.w.org\/{rel}","templated":true}]}}