{"id":28326,"date":"2025-02-25T16:33:34","date_gmt":"2025-02-25T16:33:34","guid":{"rendered":"https:\/\/tootmisdetail.ee\/product\/4-auguline-ruudukujuline-aarikuga-seade-sf-roostevabast-terasest-koos-kattega\/"},"modified":"2025-02-25T16:33:34","modified_gmt":"2025-02-25T16:33:34","slug":"4-auguline-ruudukujuline-aarikuga-seade-sf-roostevabast-terasest-koos-kattega","status":"publish","type":"product","link":"https:\/\/tootmisdetail.ee\/et\/toode\/4-auguline-ruudukujuline-aarikuga-seade-sf-roostevabast-terasest-koos-kattega\/","title":{"rendered":"4-auguline ruudukujuline \u00e4\u00e4rikuga seade SF roostevabast terasest koos kattega"},"content":{"rendered":"<h2>Nelinurkne \u00e4\u00e4rik\u00fchendus 4 auguga SF roostevabast terasest eelised.<\/h2>\n<p>Laagri\u00fcksusel on reguleeritav eelv\u00f5etud Aisi440C roostevabast terasest kuullaager.<br \/>\nLaagrit saab uuesti \u00f5litada roostevaba terasest Aisi304 m\u00e4\u00e4rega v\u00f5i kiirliitmikuga.<br \/>\nLaagri\u00fcksus v\u00f5ib olla varustatud pol\u00fcprop\u00fcleenist v\u00f5i roostevabast terasest AISI 304 kaitsekorgiga.<br \/>\nLaagri\u00fcksus v\u00f5ib olla varustatud p\u00f6\u00f6rleva v\u00f5lli tihendusr\u00f5ngaga (TC), mis on varustatud t\u00e4iendava tolmukaitsega NBR-kummist ja roostevabast terasest vedruga.<\/p>\n<h2>Nelinurkse \u00e4\u00e4rikuga seade 4 auguga SF roostevabast terasest omadused.<\/h2>\n<ul>\n<li>Roostevabast terasest korpus AISI 304<\/li>\n<li>Roostevabast terasest laagrid AISI 440C (eelv\u00f5etud)<\/li>\n<li>Roostevabast terasest m\u00e4\u00e4rdeniplid AISI304 M6x1mm<\/li>\n<li>Pinnakate ei ole vajalik<\/li>\n<li>Suurep\u00e4rane eluiga<\/li>\n<li>T\u00f6\u00f6temperatuur on vahemikus -30\u00b0C kuni +120\u00b0C.<\/li>\n<li>M\u00fctsi materjal: Pol\u00fcprop\u00fcleen v\u00f5i roostevaba teras AISI 304<\/li>\n<li>\u00d5litihendi materjal: NBR Kaut\u0161uk koos roostevabast vedruga<\/li>\n<\/ul>\n<h2>Nelinurkne \u00e4\u00e4rik\u00fchendus 4 auguga SF roostevabast terasest suurused saadaval<\/h2>\n<table width=\"208\">\n<tbody>\n<tr>\n<td width=\"116\">V\u00f5lli l\u00e4bim\u00f5\u00f5t<\/td>\n<td width=\"92\">Kataloogi nr.<\/td>\n<\/tr>\n<tr>\n<td width=\"116\" data-label=\"Shaft Diameter\">\u00d820 mm<\/td>\n<td width=\"92\" data-label=\"Catalog No.\">SF 204<\/td>\n<\/tr>\n<tr>\n<td width=\"116\" data-label=\"Shaft Diameter\">\u00d825 mm<\/td>\n<td width=\"92\" data-label=\"Catalog No.\">SF 205<\/td>\n<\/tr>\n<tr>\n<td width=\"116\" data-label=\"Shaft Diameter\">\u00d830 mm<\/td>\n<td width=\"92\" data-label=\"Catalog No.\">SF 206<\/td>\n<\/tr>\n<tr>\n<td width=\"116\" data-label=\"Shaft Diameter\">\u00d835 mm<\/td>\n<td width=\"92\" data-label=\"Catalog No.\">SF 207<\/td>\n<\/tr>\n<tr>\n<td width=\"116\" data-label=\"Shaft Diameter\">\u00d840 mm<\/td>\n<td width=\"92\" data-label=\"Catalog No.\">SF 208<\/td>\n<\/tr>\n<tr>\n<td width=\"116\" data-label=\"Shaft Diameter\">\u00d845 mm<\/td>\n<td width=\"92\" data-label=\"Catalog No.\">SF 209<\/td>\n<\/tr>\n<tr>\n<td width=\"116\" data-label=\"Shaft Diameter\">\u00d850 mm<\/td>\n<td width=\"92\" data-label=\"Catalog No.\">SF 210<\/td>\n<\/tr>\n<tr>\n<td width=\"116\" data-label=\"Shaft Diameter\">\u00d855 mm<\/td>\n<td width=\"92\" data-label=\"Catalog No.\">SF 211<\/td>\n<\/tr>\n<tr>\n<td width=\"116\" data-label=\"Shaft Diameter\">\u00d860 mm<\/td>\n<td width=\"92\" data-label=\"Catalog No.\">SF 212<\/td>\n<\/tr>\n<\/tbody>\n<\/table>\n<p>SF2xx on v\u00f5imalik tarnida avatud v\u00f5i suletud korgiga.<br \/>\nAvatud kork, laagrinumbritele lisatakse j\u00e4relliide &#8220;OC&#8221;. nt: SF204OC<br \/>\nSuletud kork, laagrinumbritele lisatakse j\u00e4relliide &#8220;CC&#8221;. nt: SF204CC<br \/>\nAvatud kork Aisi304, laagrinumbritele lisatakse j\u00e4relliide &#8220;OCSS&#8221;. nt: SF204OCSS<br \/>\nSuletud kork Aisi304, laagrinumbritele lisatakse j\u00e4relliide &#8220;CCSS&#8221;. nt: SF204CCSS.<\/p>\n","protected":false},"excerpt":{"rendered":"<p>Roostevabast terasest 4-augulised ruudukujulised \u00e4\u00e4rikutega laagri\u00fcksused, t\u00fc\u00fcp SF, sobivad toiduainet\u00f6\u00f6stuses ja muudes n\u00f5udlikes keskkondades t\u00e4nu h\u00fcgieenilisele disainile ja minimaalsele hooldusele.<br \/>\nRoostevabast terasest laagri\u00fcksusi iseloomustab k\u00f5rge kvaliteet ja viimistlus nii laagri kui ka laagrikorpuse puhul.<\/p>\n","protected":false},"featured_media":28302,"template":"","meta":{"inline_featured_image":false},"product_brand":[],"product_cat":[2111,2091],"product_tag":[],"class_list":{"0":"post-28326","1":"product","2":"type-product","3":"status-publish","4":"has-post-thumbnail","6":"product_cat-roostevabast-terasest-suletud-laagriuksused","7":"product_cat-roostevabast-terasest-tooted","9":"first","10":"instock","11":"taxable","12":"shipping-taxable","13":"product-type-simple"},"jetpack_sharing_enabled":true,"_links":{"self":[{"href":"https:\/\/tootmisdetail.ee\/et\/wp-json\/wp\/v2\/product\/28326","targetHints":{"allow":["GET"]}}],"collection":[{"href":"https:\/\/tootmisdetail.ee\/et\/wp-json\/wp\/v2\/product"}],"about":[{"href":"https:\/\/tootmisdetail.ee\/et\/wp-json\/wp\/v2\/types\/product"}],"wp:featuredmedia":[{"embeddable":true,"href":"https:\/\/tootmisdetail.ee\/et\/wp-json\/wp\/v2\/media\/28302"}],"wp:attachment":[{"href":"https:\/\/tootmisdetail.ee\/et\/wp-json\/wp\/v2\/media?parent=28326"}],"wp:term":[{"taxonomy":"product_brand","embeddable":true,"href":"https:\/\/tootmisdetail.ee\/et\/wp-json\/wp\/v2\/product_brand?post=28326"},{"taxonomy":"product_cat","embeddable":true,"href":"https:\/\/tootmisdetail.ee\/et\/wp-json\/wp\/v2\/product_cat?post=28326"},{"taxonomy":"product_tag","embeddable":true,"href":"https:\/\/tootmisdetail.ee\/et\/wp-json\/wp\/v2\/product_tag?post=28326"}],"curies":[{"name":"wp","href":"https:\/\/api.w.org\/{rel}","templated":true}]}}