{"id":28299,"date":"2025-02-25T16:29:15","date_gmt":"2025-02-25T16:29:15","guid":{"rendered":"https:\/\/tootmisdetail.ee\/product\/ip67-veekindel-4-auguline-ruudukujuline-aarikuga-laagriuksus\/"},"modified":"2025-02-25T16:29:15","modified_gmt":"2025-02-25T16:29:15","slug":"ip67-veekindel-4-auguline-ruudukujuline-aarikuga-laagriuksus","status":"publish","type":"product","link":"https:\/\/tootmisdetail.ee\/et\/toode\/ip67-veekindel-4-auguline-ruudukujuline-aarikuga-laagriuksus\/","title":{"rendered":"IP67 veekindel 4-auguline ruudukujuline \u00e4\u00e4rikuga laagri\u00fcksus"},"content":{"rendered":"<h2><strong data-start=\"197\" data-end=\"297\">V\u00f5rratu kaitse karmides tingimustes<\/strong><\/h2>\n<p>Meie IP67 laagri\u00fcksused on m\u00f5eldud t\u00f6\u00f6stusharude jaoks, kus on pidevalt k\u00f5rgendatud n\u00f5udmised materjalikindlusele ja konstruktsioon on kergesti puhastatav. Bakterite leviku ohu v\u00e4hendamiseks on seda konstruktsiooni iseloomustavad siledad pinnad ja \u00fcmardatud nurgad. <\/p>\n<p>IP67 laagri\u00fcksused vastavad 3A ja EHEDG m\u00e4\u00e4rusele Kaitseklass on IP67, mis tagab, et laagri\u00fcksusi saab puhastada k\u00f5rgsurvevee abil igast suunast. Roostevabast terasest vedruga \u00f5litihendusr\u00f5ngas tagab, et vesi ei saa korpusesse tungida. <\/p>\n<p>Laagrid on hooldusvabad ja vastupidavad k\u00f5ikidele puhastusvahenditele ja enamikule kemikaalidele.<\/p>\n<h2><strong data-start=\"301\" data-end=\"413\">Masinate pikaealisuse suurendamine ekstreemsetes tingimustes<\/strong><\/h2>\n<ul>\n<li>Kompaktne ja tugev laagrikorpuse alus, mille kate on polditud aluse k\u00fclge.<\/li>\n<li>Laagrikorpus on valmistatud Dupolitist, mis on \u00e4\u00e4rmiselt stabiilne ja tugev.<\/li>\n<li>Roostevaba m\u00e4\u00e4rdenippel optimaalse toidurasva t\u00e4itmise jaoks, mis hoiab \u00e4ra kondenseerumise korpuses.<\/li>\n<li>Laagri korpus on varustatud eluaegse \u00f5litusega sf\u00e4\u00e4rilise kuullaagriga, millel on ekstsentriline lukustuskaarik.<\/li>\n<li>Sf\u00e4\u00e4riline laager on isesuunaline.<\/li>\n<li>Laagri korpuse m\u00f5\u00f5tmed on sarnased turustusnormidega, mis lihtsustab asendamist.<\/li>\n<li>Laagrikorpust saab paigaldada iga nurga all<\/li>\n<li>Roostevaba sf\u00e4\u00e4riline sisestuslaager lihtsaks ja t\u00e4pseks kokkupanekuks<\/li>\n<li>Laagri korpus on kuumakindel alates -30\u00b0C kuni +100\u00b0C.<\/li>\n<li>Laagrite sisestused on m\u00e4\u00e4ritud NSF H1 registreeritud m\u00e4\u00e4rdega, mis vastab sellistele n\u00f5uetele nagu DIN 51825.<\/li>\n<li>Laagri\u00fcksused on USDA poolt heaks kiidetud ja vastavad standardile NSF\/ANSI\/3-A 14159-1-2010.<\/li>\n<li>Toiduaineklass vastavalt m\u00e4\u00e4ruse (E\u00dc) nr 1935\/2004 raamistikule.<\/li>\n<li>Eram\u00e4rgistuse v\u00f5imalus<\/li>\n<\/ul>\n<h2><strong data-start=\"96\" data-end=\"193\">IP67 veekindlad 4-augulised ruudukujulised \u00e4\u00e4rikulaagri \u00fcksused<\/strong><\/h2>\n<div class=\"dcf-overflow-x-auto\" tabindex=\"0\">\n<table class=\"dcf-table dcf-table-bordered dcf-w-100%\">\n<thead>\n<tr>\n<th scope=\"col\">T\u00fc\u00fcp IP67 F<\/th>\n<th scope=\"col\">Kataloogi nr.<\/th>\n<th scope=\"col\">Kataloogi nr.<\/th>\n<\/tr>\n<\/thead>\n<tbody>\n<tr>\n<td data-label=\"Type IP67 F\">4 auguga ruudukujuline \u00e4\u00e4rik\u00fchendus<\/td>\n<td data-label=\"Catalogue No.\">Suletud kate<\/td>\n<td data-label=\"Catalogue No.\">Avatud kaas<\/td>\n<\/tr>\n<tr>\n<td data-label=\"Type IP67 F\">\u00d820 mm<\/td>\n<td data-label=\"Catalogue No.\">IP67 F204 CC<\/td>\n<td data-label=\"Catalogue No.\">IP67 F204 OC<\/td>\n<\/tr>\n<tr>\n<td data-label=\"Type IP67 F\">\u00d825 mm<\/td>\n<td data-label=\"Catalogue No.\">IP67 F205 CC<\/td>\n<td data-label=\"Catalogue No.\">IP67 F205 OC<\/td>\n<\/tr>\n<tr>\n<td data-label=\"Type IP67 F\">\u00d830 mm<\/td>\n<td data-label=\"Catalogue No.\">IP67 F206 CC<\/td>\n<td data-label=\"Catalogue No.\">IP67 F206 OC<\/td>\n<\/tr>\n<tr>\n<td data-label=\"Type IP67 F\">\u00d835 mm<\/td>\n<td data-label=\"Catalogue No.\">IP67 F207 CC<\/td>\n<td data-label=\"Catalogue No.\">IP67 F207 OC<\/td>\n<\/tr>\n<tr>\n<td data-label=\"Type IP67 F\">\u00d840 mm<\/td>\n<td data-label=\"Catalogue No.\">IP67 F208 CC<\/td>\n<td data-label=\"Catalogue No.\">IP67 F208 OC<\/td>\n<\/tr>\n<tr>\n<td data-label=\"Type IP67 F\">\u00d850 mm<\/td>\n<td data-label=\"Catalogue No.\">IP67 F210 CC<\/td>\n<td data-label=\"Catalogue No.\">IP67 F210 OC<\/td>\n<\/tr>\n<tr>\n<td data-label=\"Type IP67 F\">\u00d860 mm<\/td>\n<td data-label=\"Catalogue No.\">IP67 F212 CC<\/td>\n<td data-label=\"Catalogue No.\">IP67 F212 OC<\/td>\n<\/tr>\n<\/tbody>\n<\/table>\n<div class=\"w-full text-token-text-primary border-b border-black\/10 gizmo:border-0 dark:border-gray-900\/50 gizmo:dark:border-0 bg-gray-50 gizmo:bg-transparent dark:bg-[#444654] gizmo:dark:bg-transparent\" data-testid=\"conversation-turn-3\">\n<div class=\"p-4 gizmo:py-2 justify-center text-base md:gap-6 md:py-6 m-auto\">\n<div class=\"flex flex-1 gap-4 text-base mx-auto md:gap-6 gizmo:gap-3 gizmo:md:px-5 gizmo:lg:px-1 gizmo:xl:px-5 md:max-w-2xl lg:max-w-[38rem] gizmo:md:max-w-3xl gizmo:lg:max-w-[40rem] gizmo:xl:max-w-[48rem] xl:max-w-3xl } group\">\n<div class=\"relative flex w-[calc(100%-50px)] flex-col gizmo:w-full lg:w-[calc(100%-115px)] agent-turn\">\n<div class=\"flex-col gap-1 md:gap-3\">\n<div class=\"flex flex-grow flex-col max-w-full gap-3 gizmo:gap-0\">\n<div class=\"min-h-[20px] text-message peer flex flex-col items-start gap-3 whitespace-pre-wrap break-words peer-[.text-message]:mt-5 overflow-x-auto\" data-message-author-role=\"assistant\" data-message-id=\"6162d90c-acdb-4ffc-82be-d3c77259ca95\">\n<div class=\"markdown prose w-full break-words dark:prose-invert light\">\n<h2>IP67 reitinguga laagrimaja<\/h2>\n<p>Laagrikorpuse v\u00f5i mis tahes muu elektroonilise v\u00f5i mehaanilise korpuse IP67 klassifikatsioon n\u00e4itab k\u00f5rget kaitsetaset tolmu ja vee eest. V\u00f5tame lahti, mida IP67 t\u00e4hendab: <\/p>\n<ol>\n<li>IP (sissetungi kaitse) hinnang: IP-klassifikatsioon on standardiseeritud s\u00fcsteem, mida kasutatakse selleks, et liigitada kaitse taset, mida korpus pakub erinevate keskkonnaelementide, n\u00e4iteks tolmu ja vee eest.<\/li>\n<li>Esimene number (6): IP-klassifikatsiooni esimene number viitab kaitsele tahkete objektide, sealhulgas tolmu eest. Sellisel juhul t\u00e4hendab reiting 6, et korpus on tolmukindel. See tagab t\u00e4ieliku kaitse tolmu ja muude tahkete osakeste vastu.  <\/li>\n<li>Teine number (7): IP-klassi teine number viitab kaitsele vedelike, eriti vee eest. Klassifikatsioon 7 n\u00e4itab, et korpus peab vastu kuni 1 meetri s\u00fcgavusele veele 30 minuti jooksul, ilma et vesi tungiks sisse. <\/li>\n<\/ol>\n<p>Niisiis, veekindel IP67 laagrimajutus on m\u00f5eldud nii, et see on tolmukindel ja talub ka ajutist sukeldumist vette, ilma et vesi sinna sisse p\u00e4\u00e4seks. Seda kaitsetaset kasutatakse sageli mitmesugustes t\u00f6\u00f6stuslikes, v\u00e4listingimustes v\u00f5i meres kasutatavates rakendustes, kus laagrikorpus peab j\u00e4\u00e4ma toimivaks ja olema vaba tolmu ja veega kokkupuutest p\u00f5hjustatud kahjustustest. <\/p>\n<\/div>\n<\/div>\n<\/div>\n<\/div>\n<\/div>\n<\/div>\n<\/div>\n<\/div>\n<\/div>\n","protected":false},"excerpt":{"rendered":"<h2><strong data-start=\"96\" data-end=\"193\">Maksimaalne vastupidavus ja j\u00f5udlus<\/strong><\/h2>\n<p>Meie IP67 laagri\u00fcksused on saanud USDA sertifikaadi.<br \/>\nIP67 laagri\u00fcksustel on unikaalne partii ID-number toiduohutuse j\u00e4lgitavuse tagamiseks.<br \/>\nIP67 aurukindlad, veekindlad ja korrosioonikindlad \u00e4\u00e4riklaagri\u00fcksused, mis sobivad eriti h\u00e4sti m\u00e4rgades ja rasketes tingimustes.<\/p>\n","protected":false},"featured_media":28293,"template":"","meta":{"inline_featured_image":false},"product_brand":[],"product_cat":[2109,2091],"product_tag":[],"class_list":{"0":"post-28299","1":"product","2":"type-product","3":"status-publish","4":"has-post-thumbnail","6":"product_cat-ip67-veekindlad-laagriuksused","7":"product_cat-roostevabast-terasest-tooted","9":"first","10":"instock","11":"taxable","12":"shipping-taxable","13":"product-type-simple"},"jetpack_sharing_enabled":true,"_links":{"self":[{"href":"https:\/\/tootmisdetail.ee\/et\/wp-json\/wp\/v2\/product\/28299","targetHints":{"allow":["GET"]}}],"collection":[{"href":"https:\/\/tootmisdetail.ee\/et\/wp-json\/wp\/v2\/product"}],"about":[{"href":"https:\/\/tootmisdetail.ee\/et\/wp-json\/wp\/v2\/types\/product"}],"wp:featuredmedia":[{"embeddable":true,"href":"https:\/\/tootmisdetail.ee\/et\/wp-json\/wp\/v2\/media\/28293"}],"wp:attachment":[{"href":"https:\/\/tootmisdetail.ee\/et\/wp-json\/wp\/v2\/media?parent=28299"}],"wp:term":[{"taxonomy":"product_brand","embeddable":true,"href":"https:\/\/tootmisdetail.ee\/et\/wp-json\/wp\/v2\/product_brand?post=28299"},{"taxonomy":"product_cat","embeddable":true,"href":"https:\/\/tootmisdetail.ee\/et\/wp-json\/wp\/v2\/product_cat?post=28299"},{"taxonomy":"product_tag","embeddable":true,"href":"https:\/\/tootmisdetail.ee\/et\/wp-json\/wp\/v2\/product_tag?post=28299"}],"curies":[{"name":"wp","href":"https:\/\/api.w.org\/{rel}","templated":true}]}}