{"id":28268,"date":"2025-02-25T16:14:24","date_gmt":"2025-02-25T16:14:24","guid":{"rendered":"https:\/\/tootmisdetail.ee\/product\/reguleeritavad-jalad-sinise-alusplaadiga\/"},"modified":"2025-02-25T16:14:24","modified_gmt":"2025-02-25T16:14:24","slug":"reguleeritavad-jalad-sinise-alusplaadiga","status":"publish","type":"product","link":"https:\/\/tootmisdetail.ee\/et\/toode\/reguleeritavad-jalad-sinise-alusplaadiga\/","title":{"rendered":"Reguleeritavad jalad sinise alusplaadiga"},"content":{"rendered":"<h2>Usaldusv\u00e4\u00e4rne lahendus puhta ja stabiilse varustuse jaoks<\/h2>\n<p data-start=\"862\" data-end=\"1362\">Nende reguleeritavate jalgade sinine alusplaat on valmistatud vastupidavast, toiduks sobivast materjalist, mis v\u00f5imaldab saastumise korral h\u00f5lpsasti tuvastada, pakkudes h\u00fcgieenilises keskkonnas lisaturvalisust. See omadus muudab need ideaalseks t\u00f6\u00f6stusharudes, kus toote puutumatus on esmat\u00e4htis, n\u00e4iteks toiduainet\u00f6\u00f6stuses v\u00f5i farmaatsiat\u00f6\u00f6stuses. H\u00fcgieeniline disain tagab, et mustus, bakterid ja muud saasteained ei saa pinnale koguneda, v\u00e4hendades ristsaastumise ohtu.  <\/p>\n<h2 data-start=\"862\" data-end=\"1362\">Oluline h\u00fcgieeni ja stabiilsuse jaoks<\/h2>\n<p data-start=\"1364\" data-end=\"1743\">Lisaks oma h\u00fcgieenilistele omadustele on need reguleeritavad jalad v\u00e4ga mitmek\u00fclgsed. Nende v\u00f5ime tasandada ja stabiliseerida seadmeid ebatasasel p\u00f5randal on oluline, et tagada n\u00f5uetekohane t\u00f6\u00f6 ja v\u00e4ltida masinate \u00fcmberminekut v\u00f5i vibreerimist. Konstruktsioon v\u00f5imaldab kiiret reguleerimist, mis v\u00f5imaldab operaatoritel s\u00e4ilitada p\u00fcsivat k\u00f5rgustaset olenemata p\u00f5randa ebatasasustest.  <\/p>\n<p data-start=\"1745\" data-end=\"2009\">Sageli puhastamist n\u00f5udvatele t\u00f6\u00f6stusharudele, n\u00e4iteks toidu- ja farmaatsiasektorile, pakuvad need reguleeritavad jalad h\u00f5lpsasti hooldatavat lahendust. Nende materjalid on korrosioonikindlad, mist\u00f5ttu on need vastupidavad ja kauakestvad isegi karmides puhastuskeskkondades. <\/p>\n<h2 data-start=\"1745\" data-end=\"2009\">H\u00fcgieenilise disainiga sinise alusplaadiga reguleeritavad jalad<\/h2>\n<p data-start=\"2011\" data-end=\"2312\" data-is-last-node=\"\">H\u00fcgieenilise disainiga sinise alusplaadiga reguleeritavad jalad on h\u00e4davajalik iga asutuse jaoks, mis seab esikohale h\u00fcgieeni, ohutuse ja seadmete stabiilsuse. Nende lihtne puhastamine, vastupidavus ja vastavus t\u00f6\u00f6stusstandarditele teevad neist ideaalse valiku paljude rakenduste jaoks. <\/p>\n<h2>Reguleeritavad jalad sinise alusplaadi materjalidega<\/h2>\n<p>Reguleeritavad jalad kummist plaat koos FDA sertifikaadiga vastavalt FDA CFR 21 177 2600.<\/p>\n<p>Alusplaadi materjali kirjeldus:<br \/>\nToiduainekvaliteediga pol\u00fcatsetaalid PA6+30<\/p>\n<p>Spindli materjali kirjeldus:<br \/>\nRoostevaba teras A2-70 v\u00f5i A4-70<\/p>\n<p>Kummi alusmaterjali kirjeldus:<br \/>\nNBR Kaut\u0161uk (nitriilkumm CAS nr 9005-98-5)<br \/>\nFDA sertifikaat vastavalt FDA CFR 21 177 2600.<\/p>\n<p>K\u00f5ik materjalid on v\u00e4ga vastupidavad kemikaalidele ja tavaliselt kasutatavatele puhastusvahenditele ning vastupidavatele \u00f5lidele ja rasvadele.<\/p>\n<h2>Saadaval olevad suurused<\/h2>\n<p>Reguleeritavate jalgade alus on saadaval laias valikus, mis annab optimaalse paindlikkuse ja valikuv\u00f5imaluse.<\/p>\n<div class=\"dcf-overflow-x-auto\" tabindex=\"0\">\n<table class=\"dcf-table dcf-table-bordered dcf-w-100%\">\n<thead>\n<tr>\n<th scope=\"col\">Baasi suurus<\/th>\n<th scope=\"col\">Aluse l\u00e4bim\u00f5\u00f5t D<\/th>\n<\/tr>\n<\/thead>\n<tbody>\n<tr>\n<td data-label=\"PF Base Size\">PFB 38<\/td>\n<td data-label=\"Base Diameter D\">40 mm<\/td>\n<\/tr>\n<tr>\n<td data-label=\"PF Base Size\">PFB 48<\/td>\n<td data-label=\"Base Diameter D\">50 mm<\/td>\n<\/tr>\n<tr>\n<td data-label=\"PF Base Size\">PFB 58<\/td>\n<td data-label=\"Base Diameter D\">60 mm<\/td>\n<\/tr>\n<tr>\n<td data-label=\"PF Base Size\">PFB 78<\/td>\n<td data-label=\"Base Diameter D\">80 mm<\/td>\n<\/tr>\n<tr>\n<td data-label=\"PF Base Size\">PFB 98<\/td>\n<td data-label=\"Base Diameter D\">100 mm<\/td>\n<\/tr>\n<\/tbody>\n<\/table>\n<\/div>\n<p>Muude baasl\u00e4bim\u00f5\u00f5tude D puhul v\u00f5tke meiega \u00fchendust.<br \/>\nNominaalkoormus s\u00f5ltub spindli keermest.<\/p>\n<p>Reguleeritavate jalgade spindlid on saadaval laias valikus, mis annab optimaalse paindlikkuse ja valikuv\u00f5imaluse.<\/p>\n<div class=\"dcf-overflow-x-auto\" tabindex=\"0\">\n<table class=\"dcf-table dcf-table-bordered dcf-w-100%\">\n<caption>PFB spindli keermed<\/caption>\n<thead>\n<tr>\n<td>M8<\/td>\n<td>M10<\/td>\n<td>M12<\/td>\n<td>M16<\/td>\n<td>M20<\/td>\n<td>M24<\/td>\n<\/tr>\n<\/thead>\n<\/table>\n<\/div>\n<p>T\u00e4ielik keermestatud spindel<\/p>\n<div class=\"dcf-overflow-x-auto\" tabindex=\"0\">\n<table class=\"dcf-table dcf-table-bordered dcf-w-100%\">\n<caption>PFB Spindli pikkus (L)<\/caption>\n<tbody>\n<tr>\n<td>50mm<\/td>\n<td>70mm<\/td>\n<td>100mm<\/td>\n<td>120mm<\/td>\n<td>150mm<\/td>\n<td>180mm<\/td>\n<td>200mm<\/td>\n<\/tr>\n<\/tbody>\n<\/table>\n<\/div>\n<p>Muude keermestatud spindlite pikkuse (L) saamiseks v\u00f5tke meiega \u00fchendust<br \/>\nKeermed on saadaval soovi korral<br \/>\nKeerme saab kohandada ka vastavalt konkreetsele soovile, nt trapetsikeerme jne.<\/p>\n<h2>Reguleeritavad jalad koos sinise alusplaadi tarnev\u00f5imalusega<\/h2>\n<p>Tellimusnumbri n\u00e4ide: PFB79-M16-L150-B15<\/p>\n<p>Suurte tellimuste puhul pakume aluse ja spindlite eraldi tarnimist<br \/>\nEeliseks on paindlikkus kliendi jaoks, kes kasutab palju erineva suurusega spindleid.<\/p>\n","protected":false},"excerpt":{"rendered":"<h2>Oluline toidu- ja farmaatsiat\u00f6\u00f6stusele<\/h2>\n<p>Sellistes t\u00f6\u00f6stusharudes nagu toiduainet\u00f6\u00f6stus, farmaatsiat\u00f6\u00f6stus ja biotehnoloogia on k\u00f5rgete h\u00fcgieenistandardite s\u00e4ilitamine v\u00e4ga oluline. H\u00fcgieenilise disainiga sinise alusplaadiga reguleeritavad jalad on h\u00e4davajalik komponent nii masinate kui ka seadmete stabiilsuse ja puhtuse tagamiseks. Need spetsiaalsed jalad on kavandatud vastama k\u00f5ige rangematele t\u00f6\u00f6stusstandarditele, pakkudes samal ajal usaldusv\u00e4\u00e4rset lahendust masinate tasandamiseks ja toetamiseks keskkondades, mis n\u00f5uavad sagedast puhastamist ja h\u00fcgieenitingimusi.  <\/p>\n","protected":false},"featured_media":28262,"template":"","meta":{"inline_featured_image":false},"product_brand":[],"product_cat":[2105,2091],"product_tag":[],"class_list":{"0":"post-28268","1":"product","2":"type-product","3":"status-publish","4":"has-post-thumbnail","6":"product_cat-reguleeritavad-jalad-komposiitmaterjalist-alusplaadiga","7":"product_cat-roostevabast-terasest-tooted","9":"first","10":"instock","11":"taxable","12":"shipping-taxable","13":"product-type-simple"},"jetpack_sharing_enabled":true,"_links":{"self":[{"href":"https:\/\/tootmisdetail.ee\/et\/wp-json\/wp\/v2\/product\/28268","targetHints":{"allow":["GET"]}}],"collection":[{"href":"https:\/\/tootmisdetail.ee\/et\/wp-json\/wp\/v2\/product"}],"about":[{"href":"https:\/\/tootmisdetail.ee\/et\/wp-json\/wp\/v2\/types\/product"}],"wp:featuredmedia":[{"embeddable":true,"href":"https:\/\/tootmisdetail.ee\/et\/wp-json\/wp\/v2\/media\/28262"}],"wp:attachment":[{"href":"https:\/\/tootmisdetail.ee\/et\/wp-json\/wp\/v2\/media?parent=28268"}],"wp:term":[{"taxonomy":"product_brand","embeddable":true,"href":"https:\/\/tootmisdetail.ee\/et\/wp-json\/wp\/v2\/product_brand?post=28268"},{"taxonomy":"product_cat","embeddable":true,"href":"https:\/\/tootmisdetail.ee\/et\/wp-json\/wp\/v2\/product_cat?post=28268"},{"taxonomy":"product_tag","embeddable":true,"href":"https:\/\/tootmisdetail.ee\/et\/wp-json\/wp\/v2\/product_tag?post=28268"}],"curies":[{"name":"wp","href":"https:\/\/api.w.org\/{rel}","templated":true}]}}