{"id":27381,"date":"2024-09-10T14:39:07","date_gmt":"2024-09-10T14:39:07","guid":{"rendered":"https:\/\/tootmisdetail.ee\/?post_type=product&#038;p=27381"},"modified":"2024-09-11T07:58:05","modified_gmt":"2024-09-11T07:58:05","slug":"kraana-kapaalus-20-tonni-kandevoime-copy","status":"publish","type":"product","link":"https:\/\/tootmisdetail.ee\/et\/toode\/kraana-kapaalus-20-tonni-kandevoime-copy\/","title":{"rendered":"Kraana k\u00e4paalus &#8211; 50 tonni kandev\u00f5ime"},"content":{"rendered":"","protected":false},"excerpt":{"rendered":"<p><a href=\"https:\/\/tootmisdetail.ee\/et\/toode\/pe500-confetti\/\" target=\"_new\" rel=\"noopener\">Taaskasutatud pol\u00fcet\u00fcleenist<\/a> valmistatud kraana k\u00e4paalus aitab tagada kraanade ja raskete t\u00f5steseadmete stabiilsuse ja ohutuse. See k\u00e4paalus on kerge, vastupidav veele, \u00f5lidele ja kemikaalidele ning talub suuri koormusi n\u00f5udlikes t\u00f6\u00f6keskkondades. Taaskasutatud pol\u00fcet\u00fcleen on keskkonnas\u00f5bralikum ja kuluefektiivsem alternatiiv traditsioonilistele materjalidele. Materjali v\u00e4rvus varieerub s\u00f5ltuvalt tootmises kasutatavast taaskasutatud pol\u00fcet\u00fcleenist. Materjali kasutustemperatuur on vahemikus -60 \u00b0C kuni +80 \u00b0C.     <\/p>\n<ul>\n<li><strong>Materjal<\/strong>: Pol\u00fcet\u00fcleen \/ PE500 Confetti<\/li>\n<li><strong>M\u00f5\u00f5tmed<\/strong>: 50x1000x1000mm<\/li>\n<li><strong>Kandev\u00f5ime<\/strong>: 50000kg<\/li>\n<li><strong>Lisad<\/strong>: K\u00f6iest k\u00e4epide transportimise lihtsustamiseks<\/li>\n<li><strong>Laoseis<\/strong>: Piiratud varu<\/li>\n<li><strong>Tootmise aeg<\/strong>: Tootmisaeg s\u00f5ltub materjali k\u00e4ttesaadavusest, \u00fcldjuhul ca 5 t\u00f6\u00f6p\u00e4eva.<\/li>\n<li><strong>Graveerimine<\/strong>: Pakume v\u00f5imalust graveerida k\u00e4paalusele teie ettev\u00f5tte nimi v\u00f5i logo. Graveerimise kohta k\u00fcsige eraldi hinnapakkumist. <\/li>\n<\/ul>\n<p><em>Pilt on illustratiivne. Pildil oleva k\u00e4paaluse m\u00f5\u00f5tmed on 40x500x500mm.  Toote v\u00e4rvus s\u00f5ltub taaskasutatud materjalidest.<\/em><\/p>\n","protected":false},"featured_media":27342,"template":"","meta":{"inline_featured_image":false},"product_brand":[],"product_cat":[2033],"product_tag":[2036,2035,2037,2034],"class_list":{"0":"post-27381","1":"product","2":"type-product","3":"status-publish","4":"has-post-thumbnail","6":"product_cat-kraana-kapaalused","7":"product_tag-kraana-tarvikud","8":"product_tag-outrigger-pads-et","9":"product_tag-raske-koormuse-tugi","10":"product_tag-ringlussevoetud-poluetuleen","11":"pa_dimensions-50x1000x1000mm-et","13":"first","14":"instock","15":"taxable","16":"shipping-taxable","17":"purchasable","18":"product-type-simple"},"jetpack_sharing_enabled":true,"_links":{"self":[{"href":"https:\/\/tootmisdetail.ee\/et\/wp-json\/wp\/v2\/product\/27381","targetHints":{"allow":["GET"]}}],"collection":[{"href":"https:\/\/tootmisdetail.ee\/et\/wp-json\/wp\/v2\/product"}],"about":[{"href":"https:\/\/tootmisdetail.ee\/et\/wp-json\/wp\/v2\/types\/product"}],"wp:featuredmedia":[{"embeddable":true,"href":"https:\/\/tootmisdetail.ee\/et\/wp-json\/wp\/v2\/media\/27342"}],"wp:attachment":[{"href":"https:\/\/tootmisdetail.ee\/et\/wp-json\/wp\/v2\/media?parent=27381"}],"wp:term":[{"taxonomy":"product_brand","embeddable":true,"href":"https:\/\/tootmisdetail.ee\/et\/wp-json\/wp\/v2\/product_brand?post=27381"},{"taxonomy":"product_cat","embeddable":true,"href":"https:\/\/tootmisdetail.ee\/et\/wp-json\/wp\/v2\/product_cat?post=27381"},{"taxonomy":"product_tag","embeddable":true,"href":"https:\/\/tootmisdetail.ee\/et\/wp-json\/wp\/v2\/product_tag?post=27381"}],"curies":[{"name":"wp","href":"https:\/\/api.w.org\/{rel}","templated":true}]}}