{"id":21879,"date":"2023-05-10T13:58:09","date_gmt":"2023-05-10T13:58:09","guid":{"rendered":"https:\/\/shop.tootmisdetail.ee\/?post_type=product&#038;p=21879"},"modified":"2026-05-13T05:13:28","modified_gmt":"2026-05-13T05:13:28","slug":"saepuruvoolik-purflex-m","status":"publish","type":"product","link":"https:\/\/tootmisdetail.ee\/et\/toode\/saepuruvoolik-purflex-m\/","title":{"rendered":"Purflex M"},"content":{"rendered":"","protected":false},"excerpt":{"rendered":"<h2>Purflex M on pol\u00fcuretaanist saepuruvoolik, mis on m\u00f5eldud saepuru, graanulite ja muude abrasiivsete materjalide v\u00e4ljat\u00f5mbamiseks.<\/h2>\n<h2>Purflex M vooliku seina paksus on 0,6 mm.<\/h2>\n<h2>Voolik kannatab pikaajalist painutamist.<\/h2>\n<h2>Purflex M rulli standardpikkus on 10 meetrit.<\/h2>\n","protected":false},"featured_media":9854,"template":"","meta":{"inline_featured_image":false},"product_brand":[],"product_cat":[1722],"product_tag":[1528],"class_list":{"0":"post-21879","1":"product","2":"type-product","3":"status-publish","4":"has-post-thumbnail","6":"product_cat-saepuru-ja-ventilatsioonivoolikud","7":"product_tag-rull-et","8":"pa_hose-diameter-100mm-et","9":"pa_hose-diameter-102mm-et","10":"pa_hose-diameter-110mm-et","11":"pa_hose-diameter-120mm-et","12":"pa_hose-diameter-127mm-et","13":"pa_hose-diameter-140mm-et","14":"pa_hose-diameter-150mm-et","15":"pa_hose-diameter-152mm-et","16":"pa_hose-diameter-160mm-et","17":"pa_hose-diameter-180mm-et","18":"pa_hose-diameter-200mm-et","19":"pa_hose-diameter-203mm-et","20":"pa_hose-diameter-250mm-et","21":"pa_hose-diameter-254mm-et","22":"pa_hose-diameter-305mm-et","23":"pa_hose-diameter-356mm-et","24":"pa_hose-diameter-406mm-et","25":"pa_hose-diameter-40mm-et","26":"pa_hose-diameter-51mm-et","27":"pa_hose-diameter-60mm-et","28":"pa_hose-diameter-63mm-et","29":"pa_hose-diameter-76mm-et","30":"pa_hose-diameter-80mm-et","31":"pa_hose-diameter-90mm-et","32":"pa_temperature-range-40-c-90-c-et","34":"first","35":"instock","36":"taxable","37":"shipping-taxable","38":"purchasable","39":"product-type-variable"},"jetpack_sharing_enabled":true,"_links":{"self":[{"href":"https:\/\/tootmisdetail.ee\/et\/wp-json\/wp\/v2\/product\/21879","targetHints":{"allow":["GET"]}}],"collection":[{"href":"https:\/\/tootmisdetail.ee\/et\/wp-json\/wp\/v2\/product"}],"about":[{"href":"https:\/\/tootmisdetail.ee\/et\/wp-json\/wp\/v2\/types\/product"}],"wp:featuredmedia":[{"embeddable":true,"href":"https:\/\/tootmisdetail.ee\/et\/wp-json\/wp\/v2\/media\/9854"}],"wp:attachment":[{"href":"https:\/\/tootmisdetail.ee\/et\/wp-json\/wp\/v2\/media?parent=21879"}],"wp:term":[{"taxonomy":"product_brand","embeddable":true,"href":"https:\/\/tootmisdetail.ee\/et\/wp-json\/wp\/v2\/product_brand?post=21879"},{"taxonomy":"product_cat","embeddable":true,"href":"https:\/\/tootmisdetail.ee\/et\/wp-json\/wp\/v2\/product_cat?post=21879"},{"taxonomy":"product_tag","embeddable":true,"href":"https:\/\/tootmisdetail.ee\/et\/wp-json\/wp\/v2\/product_tag?post=21879"}],"curies":[{"name":"wp","href":"https:\/\/api.w.org\/{rel}","templated":true}]}}