{"id":20236,"date":"2023-04-26T18:58:18","date_gmt":"2023-04-26T18:58:18","guid":{"rendered":"https:\/\/shop.tootmisdetail.ee\/product\/toppgreen\/"},"modified":"2023-05-17T15:15:35","modified_gmt":"2023-05-17T15:15:35","slug":"aiavoolik-toppgreen","status":"publish","type":"product","link":"https:\/\/tootmisdetail.ee\/et\/toode\/aiavoolik-toppgreen\/","title":{"rendered":"ToppGreen\u2122"},"content":{"rendered":"","protected":false},"excerpt":{"rendered":"<h2>ToppGreen\u2122 on juba aastak\u00fcmneid olnud eelistatud aiavoolik t\u00e4nu oma erakordsele kvaliteedile.<\/h2>\n<h2>V\u00f5rreldes teiste turul olevate l\u00e4bipaistvate roheliste voolikutega on ToppGreen\u2122-i seinad 20-40% paksemad, mis tagab alati hea toimivuse.<\/h2>\n<h2>Voolik s\u00e4ilitab kasutamise ajal oma kuju ja \u00fchendused j\u00e4\u00e4vad kindlalt vooliku k\u00fclge.<\/h2>\n<h2>Lisaks on ToppGreen\u2122 toodetud keskkonnas\u00e4\u00e4stlikumalt, sest 60% selle toorainest on valmistatud taaskasutatud materjalidest.<\/h2>\n","protected":false},"featured_media":20210,"template":"","meta":{"inline_featured_image":false},"product_brand":[],"product_cat":[1719],"product_tag":[1528],"class_list":{"0":"post-20236","1":"product","2":"type-product","3":"status-publish","4":"has-post-thumbnail","6":"product_cat-toostuslikud-voolikud","7":"product_tag-rull-et","8":"pa_color-valine-voolik-labipaistev-roheline-sisemine-voolik-must","9":"pa_temperature-range-20-70-c-et","11":"first","12":"onbackorder","13":"taxable","14":"shipping-taxable","15":"purchasable","16":"product-type-variable"},"jetpack_sharing_enabled":true,"_links":{"self":[{"href":"https:\/\/tootmisdetail.ee\/et\/wp-json\/wp\/v2\/product\/20236","targetHints":{"allow":["GET"]}}],"collection":[{"href":"https:\/\/tootmisdetail.ee\/et\/wp-json\/wp\/v2\/product"}],"about":[{"href":"https:\/\/tootmisdetail.ee\/et\/wp-json\/wp\/v2\/types\/product"}],"wp:featuredmedia":[{"embeddable":true,"href":"https:\/\/tootmisdetail.ee\/et\/wp-json\/wp\/v2\/media\/20210"}],"wp:attachment":[{"href":"https:\/\/tootmisdetail.ee\/et\/wp-json\/wp\/v2\/media?parent=20236"}],"wp:term":[{"taxonomy":"product_brand","embeddable":true,"href":"https:\/\/tootmisdetail.ee\/et\/wp-json\/wp\/v2\/product_brand?post=20236"},{"taxonomy":"product_cat","embeddable":true,"href":"https:\/\/tootmisdetail.ee\/et\/wp-json\/wp\/v2\/product_cat?post=20236"},{"taxonomy":"product_tag","embeddable":true,"href":"https:\/\/tootmisdetail.ee\/et\/wp-json\/wp\/v2\/product_tag?post=20236"}],"curies":[{"name":"wp","href":"https:\/\/api.w.org\/{rel}","templated":true}]}}