{"id":20183,"date":"2023-04-26T17:45:01","date_gmt":"2023-04-26T17:45:01","guid":{"rendered":"https:\/\/shop.tootmisdetail.ee\/product\/toppclear\/"},"modified":"2025-05-19T19:18:01","modified_gmt":"2025-05-19T19:18:01","slug":"toppclear","status":"publish","type":"product","link":"https:\/\/tootmisdetail.ee\/et\/toode\/toppclear\/","title":{"rendered":"ToppClear\u2122"},"content":{"rendered":"","protected":false},"excerpt":{"rendered":"<h2>Universaalne voolik ToppClear\u2122 on k\u00f5rgekvaliteetne ja ftalaadivaba.<\/h2>\n<h2>See on l\u00e4bipaistev tugevdatud voolik, mis on mitmek\u00fclgne ja mida saab kasutada erinevatel eesm\u00e4rkidel.<\/h2>\n<h2>ToppClear\u2122 on tuntud oma v\u00e4\u00e4ndekindluse, survekindluse, l\u00e4bipaistvuse ja mugavuse poolest, mist\u00f5ttu on see populaarne valik.<\/h2>\n<h2>Lisaks on see kasutuses ka kodumajapidamistes, n\u00e4iteks pesuruumides, saunades, garaa\u017eides, paatides ja mujal.<\/h2>\n<h2>M\u00fc\u00fcme 50-meetriste rullidena.<\/h2>\n","protected":false},"featured_media":20181,"template":"","meta":{"inline_featured_image":false},"product_brand":[],"product_cat":[1719],"product_tag":[1528],"class_list":{"0":"post-20183","1":"product","2":"type-product","3":"status-publish","4":"has-post-thumbnail","6":"product_cat-toostuslikud-voolikud","7":"product_tag-rull-et","8":"pa_color-labipaistev-et","9":"pa_temperature-range-20-60-c-et","11":"first","12":"instock","13":"taxable","14":"shipping-taxable","15":"purchasable","16":"product-type-variable"},"jetpack_sharing_enabled":true,"_links":{"self":[{"href":"https:\/\/tootmisdetail.ee\/et\/wp-json\/wp\/v2\/product\/20183","targetHints":{"allow":["GET"]}}],"collection":[{"href":"https:\/\/tootmisdetail.ee\/et\/wp-json\/wp\/v2\/product"}],"about":[{"href":"https:\/\/tootmisdetail.ee\/et\/wp-json\/wp\/v2\/types\/product"}],"wp:featuredmedia":[{"embeddable":true,"href":"https:\/\/tootmisdetail.ee\/et\/wp-json\/wp\/v2\/media\/20181"}],"wp:attachment":[{"href":"https:\/\/tootmisdetail.ee\/et\/wp-json\/wp\/v2\/media?parent=20183"}],"wp:term":[{"taxonomy":"product_brand","embeddable":true,"href":"https:\/\/tootmisdetail.ee\/et\/wp-json\/wp\/v2\/product_brand?post=20183"},{"taxonomy":"product_cat","embeddable":true,"href":"https:\/\/tootmisdetail.ee\/et\/wp-json\/wp\/v2\/product_cat?post=20183"},{"taxonomy":"product_tag","embeddable":true,"href":"https:\/\/tootmisdetail.ee\/et\/wp-json\/wp\/v2\/product_tag?post=20183"}],"curies":[{"name":"wp","href":"https:\/\/api.w.org\/{rel}","templated":true}]}}