{"id":19886,"date":"2023-04-20T06:46:45","date_gmt":"2023-04-20T06:46:45","guid":{"rendered":"https:\/\/shop.tootmisdetail.ee\/product\/poorsest-epdm-kummist-tihend-koos-liimiga\/"},"modified":"2025-04-04T06:55:48","modified_gmt":"2025-04-04T06:55:48","slug":"liimiga-poorne-epdm-tihend","status":"publish","type":"product","link":"https:\/\/tootmisdetail.ee\/et\/toode\/liimiga-poorne-epdm-tihend\/","title":{"rendered":"Liimiga poorne EPDM tihend"},"content":{"rendered":"","protected":false},"excerpt":{"rendered":"<h2>Poorsest EPDM kummist tihend, liimiriba \u00fchel k\u00fcljel.<\/h2>\n<h2>Poorne EPDM on suletud pooridega ja suurep\u00e4rase kuumakindlusega vahtkummi t\u00fc\u00fcp.<\/h2>\n<h2>Sobiv kasutamiseks kuni 100\u00b0C temperatuuriga keskkonnas.<\/h2>\n<h2>On vastupidav osoonile ja p\u00fcsivatele deformatsioonidele, mist\u00f5ttu sobib avat\u00e4iteks, plekkide liitmiseks jne.<\/h2>\n<h2>Poorse EPDM kummi t\u00f6\u00f6temperatuurivahemik on -40\u00b0C kuni +100\u00b0C.<\/h2>\n<h2>Liimikiht sisaldab pol\u00fcprop\u00fcleenkiudu (PP), mis takistab materjali venimist paigaldamise ajal.<\/h2>\n<h2><\/h2>\n","protected":false},"featured_media":19907,"template":"","meta":{"inline_featured_image":false},"product_brand":[],"product_cat":[2643],"product_tag":[1203],"class_list":{"0":"post-19886","1":"product","2":"type-product","3":"status-publish","4":"has-post-thumbnail","6":"product_cat-ruudukujuline-profiil","7":"product_tag-muuk-m","8":"pa_color-must","10":"first","11":"instock","12":"taxable","13":"shipping-taxable","14":"purchasable","15":"product-type-simple"},"jetpack_sharing_enabled":true,"_links":{"self":[{"href":"https:\/\/tootmisdetail.ee\/et\/wp-json\/wp\/v2\/product\/19886","targetHints":{"allow":["GET"]}}],"collection":[{"href":"https:\/\/tootmisdetail.ee\/et\/wp-json\/wp\/v2\/product"}],"about":[{"href":"https:\/\/tootmisdetail.ee\/et\/wp-json\/wp\/v2\/types\/product"}],"wp:featuredmedia":[{"embeddable":true,"href":"https:\/\/tootmisdetail.ee\/et\/wp-json\/wp\/v2\/media\/19907"}],"wp:attachment":[{"href":"https:\/\/tootmisdetail.ee\/et\/wp-json\/wp\/v2\/media?parent=19886"}],"wp:term":[{"taxonomy":"product_brand","embeddable":true,"href":"https:\/\/tootmisdetail.ee\/et\/wp-json\/wp\/v2\/product_brand?post=19886"},{"taxonomy":"product_cat","embeddable":true,"href":"https:\/\/tootmisdetail.ee\/et\/wp-json\/wp\/v2\/product_cat?post=19886"},{"taxonomy":"product_tag","embeddable":true,"href":"https:\/\/tootmisdetail.ee\/et\/wp-json\/wp\/v2\/product_tag?post=19886"}],"curies":[{"name":"wp","href":"https:\/\/api.w.org\/{rel}","templated":true}]}}