{"id":19815,"date":"2023-04-03T14:37:18","date_gmt":"2023-04-03T14:37:18","guid":{"rendered":"https:\/\/shop.tootmisdetail.ee\/product\/universaalne-voolik\/"},"modified":"2023-05-18T15:42:33","modified_gmt":"2023-05-18T15:42:33","slug":"toostuslikud-voolikud","status":"publish","type":"product","link":"https:\/\/tootmisdetail.ee\/et\/toode\/toostuslikud-voolikud\/","title":{"rendered":"T\u00f6\u00f6stuslikud voolikud"},"content":{"rendered":"","protected":false},"excerpt":{"rendered":"<h2>Tootmisdetail O\u00dc pakub suurel hulgal kummi- ja plastvoolikuid.<\/h2>\n<h2>Enimliikuvad tooted on meil laos olemas.<\/h2>\n<h2>Kui vajate abi sobiva lahenduse leidmisel v\u00f5tke meiega julgelt \u00fchendust.<\/h2>\n<h2>Meie kogenud meeskond on alati valmis teid abistama.<\/h2>\n","protected":false},"featured_media":9848,"template":"","meta":{"inline_featured_image":false},"product_brand":[],"product_cat":[1302],"product_tag":[],"class_list":{"0":"post-19815","1":"product","2":"type-product","3":"status-publish","4":"has-post-thumbnail","6":"product_cat-voolikud","8":"first","9":"instock","10":"taxable","11":"shipping-taxable","12":"product-type-simple"},"jetpack_sharing_enabled":true,"_links":{"self":[{"href":"https:\/\/tootmisdetail.ee\/et\/wp-json\/wp\/v2\/product\/19815","targetHints":{"allow":["GET"]}}],"collection":[{"href":"https:\/\/tootmisdetail.ee\/et\/wp-json\/wp\/v2\/product"}],"about":[{"href":"https:\/\/tootmisdetail.ee\/et\/wp-json\/wp\/v2\/types\/product"}],"wp:featuredmedia":[{"embeddable":true,"href":"https:\/\/tootmisdetail.ee\/et\/wp-json\/wp\/v2\/media\/9848"}],"wp:attachment":[{"href":"https:\/\/tootmisdetail.ee\/et\/wp-json\/wp\/v2\/media?parent=19815"}],"wp:term":[{"taxonomy":"product_brand","embeddable":true,"href":"https:\/\/tootmisdetail.ee\/et\/wp-json\/wp\/v2\/product_brand?post=19815"},{"taxonomy":"product_cat","embeddable":true,"href":"https:\/\/tootmisdetail.ee\/et\/wp-json\/wp\/v2\/product_cat?post=19815"},{"taxonomy":"product_tag","embeddable":true,"href":"https:\/\/tootmisdetail.ee\/et\/wp-json\/wp\/v2\/product_tag?post=19815"}],"curies":[{"name":"wp","href":"https:\/\/api.w.org\/{rel}","templated":true}]}}