{"id":19689,"date":"2023-04-06T13:36:14","date_gmt":"2023-04-06T13:36:14","guid":{"rendered":"https:\/\/shop.tootmisdetail.ee\/product\/epdm-39-06-2022-018\/"},"modified":"2025-09-23T11:12:30","modified_gmt":"2025-09-23T11:12:30","slug":"epdm-39-06-2022-018","status":"publish","type":"product","link":"https:\/\/tootmisdetail.ee\/et\/toode\/epdm-39-06-2022-018\/","title":{"rendered":"EPDM-39-06-2022-018"},"content":{"rendered":"","protected":false},"excerpt":{"rendered":"<p>Poorsed kummitihendid on mitmek\u00fclgsed ja neid kasutatakse laialdaselt erinevates valdkondades, sealhulgas t\u00f6\u00f6stuses, laevanduses ja ehituses. Need on valmistatud suletud pooriga EPDM-kummist ja kaetud nahataolise \u00fcmbrisega, mis tagab sileda v\u00e4liskesta. EPDM-materjal pakub suurep\u00e4rast ilmastikukindlust, sealhulgas UV- ja osoonikindlus, ning taastab peale kokkusurumist oma kuju. Mist\u00f5ttu need tihendid sobivad ideaalselt n\u00f5udlikesse keskkondadesse.<\/p>\n<p><span style=\"color: #d83131;\">Minimaalne tellimiskogus 50m.<\/span><br \/>\nKui vajate v\u00e4iksemat kogust, saatke palun p\u00e4ring ja v\u00f5imalusel me t\u00e4idame teie tellimuse.<\/p>\n","protected":false},"featured_media":11530,"template":"","meta":{"inline_featured_image":false},"product_brand":[],"product_cat":[2611],"product_tag":[1203],"class_list":{"0":"post-19689","1":"product","2":"type-product","3":"status-publish","4":"has-post-thumbnail","6":"product_cat-u-profiil","7":"product_tag-muuk-m","9":"first","10":"onbackorder","11":"taxable","12":"shipping-taxable","13":"purchasable","14":"product-type-simple"},"jetpack_sharing_enabled":true,"_links":{"self":[{"href":"https:\/\/tootmisdetail.ee\/et\/wp-json\/wp\/v2\/product\/19689","targetHints":{"allow":["GET"]}}],"collection":[{"href":"https:\/\/tootmisdetail.ee\/et\/wp-json\/wp\/v2\/product"}],"about":[{"href":"https:\/\/tootmisdetail.ee\/et\/wp-json\/wp\/v2\/types\/product"}],"wp:featuredmedia":[{"embeddable":true,"href":"https:\/\/tootmisdetail.ee\/et\/wp-json\/wp\/v2\/media\/11530"}],"wp:attachment":[{"href":"https:\/\/tootmisdetail.ee\/et\/wp-json\/wp\/v2\/media?parent=19689"}],"wp:term":[{"taxonomy":"product_brand","embeddable":true,"href":"https:\/\/tootmisdetail.ee\/et\/wp-json\/wp\/v2\/product_brand?post=19689"},{"taxonomy":"product_cat","embeddable":true,"href":"https:\/\/tootmisdetail.ee\/et\/wp-json\/wp\/v2\/product_cat?post=19689"},{"taxonomy":"product_tag","embeddable":true,"href":"https:\/\/tootmisdetail.ee\/et\/wp-json\/wp\/v2\/product_tag?post=19689"}],"curies":[{"name":"wp","href":"https:\/\/api.w.org\/{rel}","templated":true}]}}