{"id":19616,"date":"2023-04-06T13:36:21","date_gmt":"2023-04-06T13:36:21","guid":{"rendered":"https:\/\/shop.tootmisdetail.ee\/product\/epdm-39-53-2022-061\/"},"modified":"2025-05-27T11:32:40","modified_gmt":"2025-05-27T11:32:40","slug":"epdm-39-53-2022-061","status":"publish","type":"product","link":"https:\/\/tootmisdetail.ee\/et\/toode\/epdm-39-53-2022-061\/","title":{"rendered":"EPDM-39-53-2022-061"},"content":{"rendered":"","protected":false},"excerpt":{"rendered":"<p>Poorsed EPDM profiiltihendeid kasutatakse nii ehituses, laevanduses kui ka masinat\u00f6\u00f6stuses &#8211; k\u00f5ikjal kus on vajalik vastav kuju, vastupidavus ja tihendusv\u00f5ime. Tihendi materjaliks on kinnise pooriga EPDM, mille v\u00e4lispind on nahataoline, muutes selle \u00fchtlaseks ja siledaks. Materjal on elastne ja taastab peale kokkusurumist oma kuju. Poorsed EPDM profiiltihendid on UV- ja osoonikindlad, mist\u00f5ttu sobivad need v\u00e4litingimustes kasutamiseks.<\/p>\n","protected":false},"featured_media":10969,"template":"","meta":{"inline_featured_image":false},"product_brand":[],"product_cat":[2623],"product_tag":[1203],"class_list":{"0":"post-19616","1":"product","2":"type-product","3":"status-publish","4":"has-post-thumbnail","6":"product_cat-w-profiil","7":"product_tag-muuk-m","9":"first","10":"instock","11":"taxable","12":"shipping-taxable","13":"purchasable","14":"product-type-simple"},"jetpack_sharing_enabled":true,"_links":{"self":[{"href":"https:\/\/tootmisdetail.ee\/et\/wp-json\/wp\/v2\/product\/19616","targetHints":{"allow":["GET"]}}],"collection":[{"href":"https:\/\/tootmisdetail.ee\/et\/wp-json\/wp\/v2\/product"}],"about":[{"href":"https:\/\/tootmisdetail.ee\/et\/wp-json\/wp\/v2\/types\/product"}],"wp:featuredmedia":[{"embeddable":true,"href":"https:\/\/tootmisdetail.ee\/et\/wp-json\/wp\/v2\/media\/10969"}],"wp:attachment":[{"href":"https:\/\/tootmisdetail.ee\/et\/wp-json\/wp\/v2\/media?parent=19616"}],"wp:term":[{"taxonomy":"product_brand","embeddable":true,"href":"https:\/\/tootmisdetail.ee\/et\/wp-json\/wp\/v2\/product_brand?post=19616"},{"taxonomy":"product_cat","embeddable":true,"href":"https:\/\/tootmisdetail.ee\/et\/wp-json\/wp\/v2\/product_cat?post=19616"},{"taxonomy":"product_tag","embeddable":true,"href":"https:\/\/tootmisdetail.ee\/et\/wp-json\/wp\/v2\/product_tag?post=19616"}],"curies":[{"name":"wp","href":"https:\/\/api.w.org\/{rel}","templated":true}]}}