{"id":19468,"date":"2023-04-06T13:36:35","date_gmt":"2023-04-06T13:36:35","guid":{"rendered":"https:\/\/shop.tootmisdetail.ee\/product\/epdm-38-77-22-067\/"},"modified":"2023-04-21T07:03:25","modified_gmt":"2023-04-21T07:03:25","slug":"epdm-38-77-22-067","status":"publish","type":"product","link":"https:\/\/tootmisdetail.ee\/et\/toode\/epdm-38-77-22-067\/","title":{"rendered":"EPDM-38-77-22-067"},"content":{"rendered":"","protected":false},"excerpt":{"rendered":"<p>EPDM servatihendid annavad viimistletud v\u00e4limuse ja kaitsevad kahjustuste eest. U-kujulised tihendid on tugevdatud metalliga ja nende k\u00fclge on vulkaniseeritud poorne EPDM kumm (paun), mis annab tihendile lisa summutus- ja tihendusfunktsiooni.<\/p>\n<p>Servatihendites kasutatav EPDM on UV- ja osoonikindel, mist\u00f5ttu sobib see v\u00e4litingimustes kasutamiseks. Lisaks on tihendi osad veekindlad ja materjal peab h\u00e4sti vastu pikaajalisele kasutamisele.<\/p>\n","protected":false},"featured_media":10929,"template":"","meta":{"inline_featured_image":false},"product_brand":[],"product_cat":[1202],"product_tag":[1203],"class_list":{"0":"post-19468","1":"product","2":"type-product","3":"status-publish","4":"has-post-thumbnail","6":"product_cat-servatihend-paunaga","7":"product_tag-muuk-m","9":"first","10":"onbackorder","11":"taxable","12":"shipping-taxable","13":"purchasable","14":"product-type-simple"},"jetpack_sharing_enabled":true,"_links":{"self":[{"href":"https:\/\/tootmisdetail.ee\/et\/wp-json\/wp\/v2\/product\/19468","targetHints":{"allow":["GET"]}}],"collection":[{"href":"https:\/\/tootmisdetail.ee\/et\/wp-json\/wp\/v2\/product"}],"about":[{"href":"https:\/\/tootmisdetail.ee\/et\/wp-json\/wp\/v2\/types\/product"}],"wp:featuredmedia":[{"embeddable":true,"href":"https:\/\/tootmisdetail.ee\/et\/wp-json\/wp\/v2\/media\/10929"}],"wp:attachment":[{"href":"https:\/\/tootmisdetail.ee\/et\/wp-json\/wp\/v2\/media?parent=19468"}],"wp:term":[{"taxonomy":"product_brand","embeddable":true,"href":"https:\/\/tootmisdetail.ee\/et\/wp-json\/wp\/v2\/product_brand?post=19468"},{"taxonomy":"product_cat","embeddable":true,"href":"https:\/\/tootmisdetail.ee\/et\/wp-json\/wp\/v2\/product_cat?post=19468"},{"taxonomy":"product_tag","embeddable":true,"href":"https:\/\/tootmisdetail.ee\/et\/wp-json\/wp\/v2\/product_tag?post=19468"}],"curies":[{"name":"wp","href":"https:\/\/api.w.org\/{rel}","templated":true}]}}