{"id":19413,"date":"2023-04-11T14:09:31","date_gmt":"2023-04-11T14:09:31","guid":{"rendered":"https:\/\/shop.tootmisdetail.ee\/product\/neopreenist-tihend-20mm\/"},"modified":"2026-02-04T08:25:01","modified_gmt":"2026-02-04T08:25:01","slug":"neopreen-tihend-20mm","status":"publish","type":"product","link":"https:\/\/tootmisdetail.ee\/et\/toode\/neopreen-tihend-20mm\/","title":{"rendered":"Neopreentihend 20mm"},"content":{"rendered":"","protected":false},"excerpt":{"rendered":"<h2>Neopreentihend mida tuntakse ka paneelide tihendina, on ehituses, elementide paigaldamisel, oluline komponent.<\/h2>\n<h2>Neopreentihendid paigaldatakse seinaelemendide, ehituspalkide ja muude materjalide vahele.<\/h2>\n<h2>Eesm\u00e4rgiga tagada elementide tihedam \u00fchendus, stabiilsus ja koormuse \u00fchtlasem jaotus.<\/h2>\n<h2>Vajaduse kasutatakse liimi.<\/h2>\n","protected":false},"featured_media":12055,"template":"","meta":{"inline_featured_image":false},"product_brand":[],"product_cat":[1319],"product_tag":[1203],"class_list":{"0":"post-19413","1":"product","2":"type-product","3":"status-publish","4":"has-post-thumbnail","6":"product_cat-neopreentihend","7":"product_tag-muuk-m","8":"pa_color-must","10":"first","11":"instock","12":"taxable","13":"shipping-taxable","14":"purchasable","15":"product-type-variable"},"jetpack_sharing_enabled":true,"_links":{"self":[{"href":"https:\/\/tootmisdetail.ee\/et\/wp-json\/wp\/v2\/product\/19413","targetHints":{"allow":["GET"]}}],"collection":[{"href":"https:\/\/tootmisdetail.ee\/et\/wp-json\/wp\/v2\/product"}],"about":[{"href":"https:\/\/tootmisdetail.ee\/et\/wp-json\/wp\/v2\/types\/product"}],"wp:featuredmedia":[{"embeddable":true,"href":"https:\/\/tootmisdetail.ee\/et\/wp-json\/wp\/v2\/media\/12055"}],"wp:attachment":[{"href":"https:\/\/tootmisdetail.ee\/et\/wp-json\/wp\/v2\/media?parent=19413"}],"wp:term":[{"taxonomy":"product_brand","embeddable":true,"href":"https:\/\/tootmisdetail.ee\/et\/wp-json\/wp\/v2\/product_brand?post=19413"},{"taxonomy":"product_cat","embeddable":true,"href":"https:\/\/tootmisdetail.ee\/et\/wp-json\/wp\/v2\/product_cat?post=19413"},{"taxonomy":"product_tag","embeddable":true,"href":"https:\/\/tootmisdetail.ee\/et\/wp-json\/wp\/v2\/product_tag?post=19413"}],"curies":[{"name":"wp","href":"https:\/\/api.w.org\/{rel}","templated":true}]}}