{"id":19353,"date":"2023-04-11T14:09:22","date_gmt":"2023-04-11T14:09:22","guid":{"rendered":"https:\/\/shop.tootmisdetail.ee\/product\/neopreenist-tihend-3mm\/"},"modified":"2024-07-10T17:37:11","modified_gmt":"2024-07-10T17:37:11","slug":"neopreen-tihend-3mm","status":"publish","type":"product","link":"https:\/\/tootmisdetail.ee\/et\/toode\/neopreen-tihend-3mm\/","title":{"rendered":"Neopreentihend 3mm"},"content":{"rendered":"","protected":false},"excerpt":{"rendered":"<h2>Neopreentihend mida tuntakse ka paneelide tihendina, on ehituses, elementide paigaldamisel, oluline komponent.<\/h2>\n<h2>Neopreentihendid paigaldatakse seinaelemendide, ehituspalkide ja muude materjalide vahele.<\/h2>\n<h2>Eesm\u00e4rgiga tagada elementide tihedam \u00fchendus, stabiilsus ja koormuse \u00fchtlasem jaotus.<\/h2>\n<h2>Vajaduse kasutatakse liimi.<\/h2>\n","protected":false},"featured_media":12050,"template":"","meta":{"inline_featured_image":false},"product_brand":[],"product_cat":[1319],"product_tag":[1203],"class_list":{"0":"post-19353","1":"product","2":"type-product","3":"status-publish","4":"has-post-thumbnail","6":"product_cat-neopreentihend","7":"product_tag-muuk-m","9":"first","10":"instock","11":"taxable","12":"shipping-taxable","13":"purchasable","14":"product-type-variable"},"jetpack_sharing_enabled":true,"_links":{"self":[{"href":"https:\/\/tootmisdetail.ee\/et\/wp-json\/wp\/v2\/product\/19353","targetHints":{"allow":["GET"]}}],"collection":[{"href":"https:\/\/tootmisdetail.ee\/et\/wp-json\/wp\/v2\/product"}],"about":[{"href":"https:\/\/tootmisdetail.ee\/et\/wp-json\/wp\/v2\/types\/product"}],"wp:featuredmedia":[{"embeddable":true,"href":"https:\/\/tootmisdetail.ee\/et\/wp-json\/wp\/v2\/media\/12050"}],"wp:attachment":[{"href":"https:\/\/tootmisdetail.ee\/et\/wp-json\/wp\/v2\/media?parent=19353"}],"wp:term":[{"taxonomy":"product_brand","embeddable":true,"href":"https:\/\/tootmisdetail.ee\/et\/wp-json\/wp\/v2\/product_brand?post=19353"},{"taxonomy":"product_cat","embeddable":true,"href":"https:\/\/tootmisdetail.ee\/et\/wp-json\/wp\/v2\/product_cat?post=19353"},{"taxonomy":"product_tag","embeddable":true,"href":"https:\/\/tootmisdetail.ee\/et\/wp-json\/wp\/v2\/product_tag?post=19353"}],"curies":[{"name":"wp","href":"https:\/\/api.w.org\/{rel}","templated":true}]}}