{"id":19190,"date":"2023-04-06T13:36:08","date_gmt":"2023-04-06T13:36:08","guid":{"rendered":"https:\/\/shop.tootmisdetail.ee\/product\/epdm-38-45-1000-39\/"},"modified":"2024-04-15T08:48:26","modified_gmt":"2024-04-15T08:48:26","slug":"epdm-38-45-1000-39","status":"publish","type":"product","link":"https:\/\/tootmisdetail.ee\/et\/toode\/epdm-38-45-1000-39\/","title":{"rendered":"EPDM-38-45-1000-39"},"content":{"rendered":"","protected":false},"excerpt":{"rendered":"<p>EPDM klaasitihendeid kasutatakse nii ehituses, laevanduses, masinat\u00f6\u00f6stuses kui ka muudes valdkondades, kus on oluline saavutada tihendus klaasi ja raami vahel. Tihendi tootmiseks kasutatav EPDM on UV- ja osoonikindel, mist\u00f5ttu sobib see v\u00e4litingimustes kasutamiseks. Materjali k\u00f5vadus on vahemikus 60-70\u00b0 Shore A.<\/p>\n","protected":false},"featured_media":11687,"template":"","meta":{"inline_featured_image":false},"product_brand":[],"product_cat":[1323],"product_tag":[1203],"class_list":{"0":"post-19190","1":"product","2":"type-product","3":"status-publish","4":"has-post-thumbnail","6":"product_cat-klaasitihend","7":"product_tag-muuk-m","9":"first","10":"onbackorder","11":"taxable","12":"shipping-taxable","13":"purchasable","14":"product-type-simple"},"jetpack_sharing_enabled":true,"_links":{"self":[{"href":"https:\/\/tootmisdetail.ee\/et\/wp-json\/wp\/v2\/product\/19190","targetHints":{"allow":["GET"]}}],"collection":[{"href":"https:\/\/tootmisdetail.ee\/et\/wp-json\/wp\/v2\/product"}],"about":[{"href":"https:\/\/tootmisdetail.ee\/et\/wp-json\/wp\/v2\/types\/product"}],"wp:featuredmedia":[{"embeddable":true,"href":"https:\/\/tootmisdetail.ee\/et\/wp-json\/wp\/v2\/media\/11687"}],"wp:attachment":[{"href":"https:\/\/tootmisdetail.ee\/et\/wp-json\/wp\/v2\/media?parent=19190"}],"wp:term":[{"taxonomy":"product_brand","embeddable":true,"href":"https:\/\/tootmisdetail.ee\/et\/wp-json\/wp\/v2\/product_brand?post=19190"},{"taxonomy":"product_cat","embeddable":true,"href":"https:\/\/tootmisdetail.ee\/et\/wp-json\/wp\/v2\/product_cat?post=19190"},{"taxonomy":"product_tag","embeddable":true,"href":"https:\/\/tootmisdetail.ee\/et\/wp-json\/wp\/v2\/product_tag?post=19190"}],"curies":[{"name":"wp","href":"https:\/\/api.w.org\/{rel}","templated":true}]}}