{"id":19172,"date":"2023-04-06T13:36:10","date_gmt":"2023-04-06T13:36:10","guid":{"rendered":"https:\/\/shop.tootmisdetail.ee\/product\/epdm-38-89-2022-001\/"},"modified":"2023-05-18T15:36:58","modified_gmt":"2023-05-18T15:36:58","slug":"profiiltihend-epdm-38-89-2022-001","status":"publish","type":"product","link":"https:\/\/tootmisdetail.ee\/et\/toode\/profiiltihend-epdm-38-89-2022-001\/","title":{"rendered":"EPDM-38-89-2022-001"},"content":{"rendered":"","protected":false},"excerpt":{"rendered":"<h2>Poorsed EPDM profiiltihendeid kasutatakse nii ehituses, laevanduses kui ka masinat\u00f6\u00f6stuses &#8211; k\u00f5ikjal kus on vajalik vastav kuju, vastupidavus ja tihendusv\u00f5ime.<\/h2>\n<h2>Tihendi materjaliks on kinnise pooriga EPDM, mille v\u00e4lispind on nahataoline, muutes selle \u00fchtlaseks ja siledaks.<\/h2>\n<h2>Materjal on elastne ja taastab peale kokkusurumist oma kuju.<\/h2>\n<h2>Poorsed EPDM profiiltihendid on UV- ja osoonikindlad, mist\u00f5ttu sobivad need v\u00e4litingimustes kasutamiseks.<\/h2>\n","protected":false},"featured_media":11617,"template":"","meta":{"inline_featured_image":false},"product_brand":[],"product_cat":[2611],"product_tag":[1203],"class_list":{"0":"post-19172","1":"product","2":"type-product","3":"status-publish","4":"has-post-thumbnail","6":"product_cat-u-profiil","7":"product_tag-muuk-m","9":"first","10":"instock","11":"taxable","12":"shipping-taxable","13":"purchasable","14":"product-type-simple"},"jetpack_sharing_enabled":true,"_links":{"self":[{"href":"https:\/\/tootmisdetail.ee\/et\/wp-json\/wp\/v2\/product\/19172","targetHints":{"allow":["GET"]}}],"collection":[{"href":"https:\/\/tootmisdetail.ee\/et\/wp-json\/wp\/v2\/product"}],"about":[{"href":"https:\/\/tootmisdetail.ee\/et\/wp-json\/wp\/v2\/types\/product"}],"wp:featuredmedia":[{"embeddable":true,"href":"https:\/\/tootmisdetail.ee\/et\/wp-json\/wp\/v2\/media\/11617"}],"wp:attachment":[{"href":"https:\/\/tootmisdetail.ee\/et\/wp-json\/wp\/v2\/media?parent=19172"}],"wp:term":[{"taxonomy":"product_brand","embeddable":true,"href":"https:\/\/tootmisdetail.ee\/et\/wp-json\/wp\/v2\/product_brand?post=19172"},{"taxonomy":"product_cat","embeddable":true,"href":"https:\/\/tootmisdetail.ee\/et\/wp-json\/wp\/v2\/product_cat?post=19172"},{"taxonomy":"product_tag","embeddable":true,"href":"https:\/\/tootmisdetail.ee\/et\/wp-json\/wp\/v2\/product_tag?post=19172"}],"curies":[{"name":"wp","href":"https:\/\/api.w.org\/{rel}","templated":true}]}}