{"id":19149,"date":"2023-04-06T13:36:11","date_gmt":"2023-04-06T13:36:11","guid":{"rendered":"https:\/\/shop.tootmisdetail.ee\/product\/epdm-38-90-2022-002\/"},"modified":"2025-11-11T10:23:42","modified_gmt":"2025-11-11T10:23:42","slug":"epdm-38-90-2022-002","status":"publish","type":"product","link":"https:\/\/tootmisdetail.ee\/et\/toode\/epdm-38-90-2022-002\/","title":{"rendered":"EPDM-38-90-2022-002"},"content":{"rendered":"","protected":false},"excerpt":{"rendered":"<h2>Poorsed EPDM profiiltihendeid kasutatakse nii ehituses, laevanduses kui ka masinat\u00f6\u00f6stuses &#8211; k\u00f5ikjal kus on vajalik vastav kuju, vastupidavus ja tihendusv\u00f5ime.<\/h2>\n<h2>Tihendi materjaliks on kinnise pooriga EPDM, mille v\u00e4lispind on nahataoline, muutes selle \u00fchtlaseks ja siledaks. Materjal on elastne ja taastab peale kokkusurumist oma kuju.<\/h2>\n<h2>Poorsed EPDM profiiltihendid on UV- ja osoonikindlad, mist\u00f5ttu sobivad need v\u00e4litingimustes kasutamiseks.<\/h2>\n<p><span style=\"color: #d83131;\">Minimaalne tellimiskogus 25m.<\/span><br \/>\nKui vajate v\u00e4iksemat kogust, saatke palun p\u00e4ring ja v\u00f5imalusel me t\u00e4idame teie tellimuse.<\/p>\n","protected":false},"featured_media":11612,"template":"","meta":{"inline_featured_image":false},"product_brand":[],"product_cat":[2620],"product_tag":[1206,1203],"class_list":{"0":"post-19149","1":"product","2":"type-product","3":"status-publish","4":"has-post-thumbnail","6":"product_cat-t-profiil","7":"product_tag-min-25-et-2","8":"product_tag-muuk-m","10":"first","11":"onbackorder","12":"taxable","13":"shipping-taxable","14":"purchasable","15":"product-type-simple"},"jetpack_sharing_enabled":true,"_links":{"self":[{"href":"https:\/\/tootmisdetail.ee\/et\/wp-json\/wp\/v2\/product\/19149","targetHints":{"allow":["GET"]}}],"collection":[{"href":"https:\/\/tootmisdetail.ee\/et\/wp-json\/wp\/v2\/product"}],"about":[{"href":"https:\/\/tootmisdetail.ee\/et\/wp-json\/wp\/v2\/types\/product"}],"wp:featuredmedia":[{"embeddable":true,"href":"https:\/\/tootmisdetail.ee\/et\/wp-json\/wp\/v2\/media\/11612"}],"wp:attachment":[{"href":"https:\/\/tootmisdetail.ee\/et\/wp-json\/wp\/v2\/media?parent=19149"}],"wp:term":[{"taxonomy":"product_brand","embeddable":true,"href":"https:\/\/tootmisdetail.ee\/et\/wp-json\/wp\/v2\/product_brand?post=19149"},{"taxonomy":"product_cat","embeddable":true,"href":"https:\/\/tootmisdetail.ee\/et\/wp-json\/wp\/v2\/product_cat?post=19149"},{"taxonomy":"product_tag","embeddable":true,"href":"https:\/\/tootmisdetail.ee\/et\/wp-json\/wp\/v2\/product_tag?post=19149"}],"curies":[{"name":"wp","href":"https:\/\/api.w.org\/{rel}","templated":true}]}}