{"id":19137,"date":"2023-04-06T13:36:12","date_gmt":"2023-04-06T13:36:12","guid":{"rendered":"https:\/\/shop.tootmisdetail.ee\/product\/epdm-38-95-2022-007\/"},"modified":"2025-09-23T07:37:57","modified_gmt":"2025-09-23T07:37:57","slug":"epdm-38-95-2022-007","status":"publish","type":"product","link":"https:\/\/tootmisdetail.ee\/et\/toode\/epdm-38-95-2022-007\/","title":{"rendered":"EPDM-38-95-2022-007"},"content":{"rendered":"","protected":false},"excerpt":{"rendered":"<p>Poorsest kummist profiiltihendid on mitmek\u00fclgsed ja laialdaselt kasutatavad erinevates rakendustes, sealhulgas t\u00f6\u00f6stuses, laevanduses ja ehituses \u2013 k\u00f5ikjal kus on vajalik vastav kuju, vastupidavus ja tihendusv\u00f5ime. Tihendi materjaliks on suletud pooriga EPDM, mille v\u00e4lispind on nahkse kattega, muutes selle \u00fchtlaseks ja siledaks. Materjal on elastne ja taastab peale kokkusurumist oma kuju. Poorsed EPDM profiiltihendid on UV- ja osoonikindlad, mist\u00f5ttu need sobivad v\u00e4litingimustes kasutamiseks.<\/p>\n<p><span style=\"color: #d83131;\">Minimaalne tellimiskogus 25m<br \/>\n<span style=\"color: #000000;\">Kui vajate v\u00e4iksemat kogust, saatke palun p\u00e4ring ja v\u00f5imalusel me t\u00e4idame teie tellimuse.<\/span><br \/>\n<\/span><\/p>\n","protected":false},"featured_media":11587,"template":"","meta":{"inline_featured_image":false},"product_brand":[],"product_cat":[2647],"product_tag":[1203],"class_list":{"0":"post-19137","1":"product","2":"type-product","3":"status-publish","4":"has-post-thumbnail","6":"product_cat-muu-kujuga-profiilid","7":"product_tag-muuk-m","9":"first","10":"onbackorder","11":"taxable","12":"shipping-taxable","13":"purchasable","14":"product-type-simple"},"jetpack_sharing_enabled":true,"_links":{"self":[{"href":"https:\/\/tootmisdetail.ee\/et\/wp-json\/wp\/v2\/product\/19137","targetHints":{"allow":["GET"]}}],"collection":[{"href":"https:\/\/tootmisdetail.ee\/et\/wp-json\/wp\/v2\/product"}],"about":[{"href":"https:\/\/tootmisdetail.ee\/et\/wp-json\/wp\/v2\/types\/product"}],"wp:featuredmedia":[{"embeddable":true,"href":"https:\/\/tootmisdetail.ee\/et\/wp-json\/wp\/v2\/media\/11587"}],"wp:attachment":[{"href":"https:\/\/tootmisdetail.ee\/et\/wp-json\/wp\/v2\/media?parent=19137"}],"wp:term":[{"taxonomy":"product_brand","embeddable":true,"href":"https:\/\/tootmisdetail.ee\/et\/wp-json\/wp\/v2\/product_brand?post=19137"},{"taxonomy":"product_cat","embeddable":true,"href":"https:\/\/tootmisdetail.ee\/et\/wp-json\/wp\/v2\/product_cat?post=19137"},{"taxonomy":"product_tag","embeddable":true,"href":"https:\/\/tootmisdetail.ee\/et\/wp-json\/wp\/v2\/product_tag?post=19137"}],"curies":[{"name":"wp","href":"https:\/\/api.w.org\/{rel}","templated":true}]}}