{"id":19116,"date":"2023-04-06T13:36:12","date_gmt":"2023-04-06T13:36:12","guid":{"rendered":"https:\/\/shop.tootmisdetail.ee\/product\/epdm-38-92-2022-004\/"},"modified":"2025-09-24T08:27:42","modified_gmt":"2025-09-24T08:27:42","slug":"epdm-38-92-2022-004","status":"publish","type":"product","link":"https:\/\/tootmisdetail.ee\/et\/toode\/epdm-38-92-2022-004\/","title":{"rendered":"EPDM-38-92-2022-004"},"content":{"rendered":"","protected":false},"excerpt":{"rendered":"<p>Poorsed EPDM profiiltihendeid kasutatakse nii ehituses, laevanduses kui ka masinat\u00f6\u00f6stuses &#8211; k\u00f5ikjal kus on vajalik vastav kuju, vastupidavus ja tihendusv\u00f5ime. Tihendi materjaliks on kinnise pooriga EPDM, mille v\u00e4lispind on nahataoline, muutes selle \u00fchtlaseks ja siledaks. Materjal on elastne ja taastab peale kokkusurumist oma kuju. Poorsed EPDM profiiltihendid on UV- ja osoonikindlad, mist\u00f5ttu sobivad need v\u00e4litingimustes kasutamiseks.<\/p>\n<p><span style=\"color: #d83131;\">Minimaalne tellimiskogus 20m.<\/span><br \/>\nKui vajate v\u00e4iksemat kogust, saatke palun p\u00e4ring ja v\u00f5imalusel me t\u00e4idame teie tellimuse.<\/p>\n","protected":false},"featured_media":11602,"template":"","meta":{"inline_featured_image":false},"product_brand":[],"product_cat":[2614],"product_tag":[1203],"class_list":{"0":"post-19116","1":"product","2":"type-product","3":"status-publish","4":"has-post-thumbnail","6":"product_cat-p-profiil","7":"product_tag-muuk-m","9":"first","10":"onbackorder","11":"taxable","12":"shipping-taxable","13":"purchasable","14":"product-type-simple"},"jetpack_sharing_enabled":true,"_links":{"self":[{"href":"https:\/\/tootmisdetail.ee\/et\/wp-json\/wp\/v2\/product\/19116","targetHints":{"allow":["GET"]}}],"collection":[{"href":"https:\/\/tootmisdetail.ee\/et\/wp-json\/wp\/v2\/product"}],"about":[{"href":"https:\/\/tootmisdetail.ee\/et\/wp-json\/wp\/v2\/types\/product"}],"wp:featuredmedia":[{"embeddable":true,"href":"https:\/\/tootmisdetail.ee\/et\/wp-json\/wp\/v2\/media\/11602"}],"wp:attachment":[{"href":"https:\/\/tootmisdetail.ee\/et\/wp-json\/wp\/v2\/media?parent=19116"}],"wp:term":[{"taxonomy":"product_brand","embeddable":true,"href":"https:\/\/tootmisdetail.ee\/et\/wp-json\/wp\/v2\/product_brand?post=19116"},{"taxonomy":"product_cat","embeddable":true,"href":"https:\/\/tootmisdetail.ee\/et\/wp-json\/wp\/v2\/product_cat?post=19116"},{"taxonomy":"product_tag","embeddable":true,"href":"https:\/\/tootmisdetail.ee\/et\/wp-json\/wp\/v2\/product_tag?post=19116"}],"curies":[{"name":"wp","href":"https:\/\/api.w.org\/{rel}","templated":true}]}}