{"id":18992,"date":"2023-03-20T14:56:07","date_gmt":"2023-03-20T14:56:07","guid":{"rendered":"https:\/\/shop.tootmisdetail.ee\/product\/tuup-5\/"},"modified":"2026-03-16T09:18:51","modified_gmt":"2026-03-16T09:18:51","slug":"tuup-5","status":"publish","type":"product","link":"https:\/\/tootmisdetail.ee\/et\/toode\/tuup-5\/","title":{"rendered":"T\u00fc\u00fcp 5 puksid"},"content":{"rendered":"","protected":false},"excerpt":{"rendered":"<p>Silindrilisi vibratsioonivastaseid pukse kasutatakse peamiselt pumpade, ventilaatorite, pesumasinate, elektrimootorite, juhtpaneelide ja muude t\u00f6\u00f6stus- ja p\u00f5llumajandusseadmete ja -masinate vibratsiooni summutamiseks. Silindriliste pukside eelised: lihtne paigaldus, suur paindlikkus, \u00f6konoomsus ja pikk kasutusiga.<\/p>\n<p><strong>T\u00fc\u00fcbi 5 puksidel on \u00fclemisel pinnal sisekeere ja alumisel pinnal kummikiht.<\/strong><\/p>\n<p><strong>M\u00f5\u00f5tmete t\u00f5lgendamine:<\/strong><br \/>\nEsimene number = l\u00e4bim\u00f5\u00f5t, teine number = k\u00f5rgus, \u00fchik: mm<br \/>\nN\u00e4ide: <strong>15\/10<\/strong> NK55 M4x10 &#8211; 15 mm t\u00e4histab l\u00e4bim\u00f5\u00f5tu ja 10 mm t\u00e4histab k\u00f5rgust.<\/p>\n","protected":false},"featured_media":8593,"template":"","meta":{"inline_featured_image":false},"product_brand":[],"product_cat":[1298],"product_tag":[],"class_list":{"0":"post-18992","1":"product","2":"type-product","3":"status-publish","4":"has-post-thumbnail","6":"product_cat-kummipuksid","8":"first","9":"instock","10":"featured","11":"taxable","12":"shipping-taxable","13":"purchasable","14":"product-type-variable"},"jetpack_sharing_enabled":true,"_links":{"self":[{"href":"https:\/\/tootmisdetail.ee\/et\/wp-json\/wp\/v2\/product\/18992","targetHints":{"allow":["GET"]}}],"collection":[{"href":"https:\/\/tootmisdetail.ee\/et\/wp-json\/wp\/v2\/product"}],"about":[{"href":"https:\/\/tootmisdetail.ee\/et\/wp-json\/wp\/v2\/types\/product"}],"wp:featuredmedia":[{"embeddable":true,"href":"https:\/\/tootmisdetail.ee\/et\/wp-json\/wp\/v2\/media\/8593"}],"wp:attachment":[{"href":"https:\/\/tootmisdetail.ee\/et\/wp-json\/wp\/v2\/media?parent=18992"}],"wp:term":[{"taxonomy":"product_brand","embeddable":true,"href":"https:\/\/tootmisdetail.ee\/et\/wp-json\/wp\/v2\/product_brand?post=18992"},{"taxonomy":"product_cat","embeddable":true,"href":"https:\/\/tootmisdetail.ee\/et\/wp-json\/wp\/v2\/product_cat?post=18992"},{"taxonomy":"product_tag","embeddable":true,"href":"https:\/\/tootmisdetail.ee\/et\/wp-json\/wp\/v2\/product_tag?post=18992"}],"curies":[{"name":"wp","href":"https:\/\/api.w.org\/{rel}","templated":true}]}}