{"id":18412,"date":"2023-04-03T08:51:11","date_gmt":"2023-04-03T08:51:11","guid":{"rendered":"https:\/\/shop.tootmisdetail.ee\/product\/kummist-ouematt\/"},"modified":"2024-07-30T14:30:15","modified_gmt":"2024-07-30T14:30:15","slug":"kummi-oue-matt","status":"publish","type":"product","link":"https:\/\/tootmisdetail.ee\/et\/toode\/kummi-oue-matt\/","title":{"rendered":"Kummist \u00f5uematt"},"content":{"rendered":"","protected":false},"excerpt":{"rendered":"<p>Kummist \u00f5uematid on suurep\u00e4rane valik muruplatside jaoks, mis peavad taluma suuremat koormust (autod, muu tehnika). Matis olevad augud v\u00f5imaldavad veel l\u00e4bi mati voolata. Need matid ei vaja kulukaid aluspinna t\u00f6id, ei vaja hooldust ning on vastupidavad igasugustele ilmastikutingimustele ja temperatuuridele.<\/p>\n<p>Lehe m\u00f5\u00f5tmed on 10x1830x10000mm.<\/p>\n<p>Terve lehe hind:<\/p>\n","protected":false},"featured_media":9709,"template":"","meta":{"inline_featured_image":false},"product_brand":[],"product_cat":[1306],"product_tag":[1425],"class_list":{"0":"post-18412","1":"product","2":"type-product","3":"status-publish","4":"has-post-thumbnail","6":"product_cat-kummimatid","7":"product_tag-whole-sheet-et","8":"pa_density-120-g-cm3-et","9":"pa_elongation-200-et","10":"pa_hardness-50-5-shore-a-et","11":"pa_tensile-strength-3-mpa-et","13":"first","14":"instock","15":"taxable","16":"shipping-taxable","17":"purchasable","18":"product-type-simple"},"jetpack_sharing_enabled":true,"_links":{"self":[{"href":"https:\/\/tootmisdetail.ee\/et\/wp-json\/wp\/v2\/product\/18412","targetHints":{"allow":["GET"]}}],"collection":[{"href":"https:\/\/tootmisdetail.ee\/et\/wp-json\/wp\/v2\/product"}],"about":[{"href":"https:\/\/tootmisdetail.ee\/et\/wp-json\/wp\/v2\/types\/product"}],"wp:featuredmedia":[{"embeddable":true,"href":"https:\/\/tootmisdetail.ee\/et\/wp-json\/wp\/v2\/media\/9709"}],"wp:attachment":[{"href":"https:\/\/tootmisdetail.ee\/et\/wp-json\/wp\/v2\/media?parent=18412"}],"wp:term":[{"taxonomy":"product_brand","embeddable":true,"href":"https:\/\/tootmisdetail.ee\/et\/wp-json\/wp\/v2\/product_brand?post=18412"},{"taxonomy":"product_cat","embeddable":true,"href":"https:\/\/tootmisdetail.ee\/et\/wp-json\/wp\/v2\/product_cat?post=18412"},{"taxonomy":"product_tag","embeddable":true,"href":"https:\/\/tootmisdetail.ee\/et\/wp-json\/wp\/v2\/product_tag?post=18412"}],"curies":[{"name":"wp","href":"https:\/\/api.w.org\/{rel}","templated":true}]}}