{"id":18313,"date":"2023-03-28T09:24:07","date_gmt":"2023-03-28T09:24:07","guid":{"rendered":"https:\/\/shop.tootmisdetail.ee\/product\/poorsest-silikoonkummist-liimiga\/"},"modified":"2023-05-19T14:45:12","modified_gmt":"2023-05-19T14:45:12","slug":"poorne-silikoon-kumm-liimiga","status":"publish","type":"product","link":"https:\/\/tootmisdetail.ee\/et\/toode\/poorne-silikoon-kumm-liimiga\/","title":{"rendered":"Poorne silikoonkumm liimiga"},"content":{"rendered":"","protected":false},"excerpt":{"rendered":"<h2>Poorne silikoonkumm, mille \u00fchel k\u00fcljel on liimikiht, on tuntud oma erakordse vastupidavuse poolest nii k\u00f5rgetele kui ka madalatele temperatuuridele.<\/h2>\n<h2>See materjal on pehme ja elastne, mist\u00f5ttu seda on lihtne deformeerida ja kujundada.<\/h2>\n<h2>Sellel on ka isekustuv omadus ja pikk kasutusiga, isegi kui seda kasutatakse v\u00e4litingimustes.<\/h2>\n<h2>\u00dchel k\u00fcljel olev liimikiht v\u00f5imaldab seda h\u00f5lpsasti paigaldada erinevatesse kohtadesse.<\/h2>\n","protected":false},"featured_media":8929,"template":"","meta":{"inline_featured_image":false},"product_brand":[],"product_cat":[1315,1851],"product_tag":[1706,1528],"class_list":{"0":"post-18313","1":"product","2":"type-product","3":"status-publish","4":"has-post-thumbnail","6":"product_cat-kummi-muuk-ja-tootlus","7":"product_cat-kummid","8":"product_tag-cnc-works-et","9":"product_tag-rull-et","10":"pa_color-valge","12":"first","13":"instock","14":"taxable","15":"shipping-taxable","16":"purchasable","17":"product-type-variable","18":"has-default-attributes"},"jetpack_sharing_enabled":true,"_links":{"self":[{"href":"https:\/\/tootmisdetail.ee\/et\/wp-json\/wp\/v2\/product\/18313","targetHints":{"allow":["GET"]}}],"collection":[{"href":"https:\/\/tootmisdetail.ee\/et\/wp-json\/wp\/v2\/product"}],"about":[{"href":"https:\/\/tootmisdetail.ee\/et\/wp-json\/wp\/v2\/types\/product"}],"wp:featuredmedia":[{"embeddable":true,"href":"https:\/\/tootmisdetail.ee\/et\/wp-json\/wp\/v2\/media\/8929"}],"wp:attachment":[{"href":"https:\/\/tootmisdetail.ee\/et\/wp-json\/wp\/v2\/media?parent=18313"}],"wp:term":[{"taxonomy":"product_brand","embeddable":true,"href":"https:\/\/tootmisdetail.ee\/et\/wp-json\/wp\/v2\/product_brand?post=18313"},{"taxonomy":"product_cat","embeddable":true,"href":"https:\/\/tootmisdetail.ee\/et\/wp-json\/wp\/v2\/product_cat?post=18313"},{"taxonomy":"product_tag","embeddable":true,"href":"https:\/\/tootmisdetail.ee\/et\/wp-json\/wp\/v2\/product_tag?post=18313"}],"curies":[{"name":"wp","href":"https:\/\/api.w.org\/{rel}","templated":true}]}}