{"id":18108,"date":"2023-03-28T09:23:57","date_gmt":"2023-03-28T09:23:57","guid":{"rendered":"https:\/\/shop.tootmisdetail.ee\/product\/silikoonkummi\/"},"modified":"2024-04-02T06:44:34","modified_gmt":"2024-04-02T06:44:34","slug":"silikoonkumm","status":"publish","type":"product","link":"https:\/\/tootmisdetail.ee\/et\/toode\/silikoonkumm\/","title":{"rendered":"Silikoonkumm"},"content":{"rendered":"","protected":false},"excerpt":{"rendered":"<h2>Silikoonkumm on oma f\u00fcsioloogilise ohutuse t\u00f5ttu populaarne materjal meditsiini-, farmaatsia- ja toiduainet\u00f6\u00f6stuses.<\/h2>\n<h2>Kuigi selle mehaanilised omadused, nagu t\u00f5mbetugevus ja rebenemistugevus, on suhteliselt n\u00f5rgad, s\u00e4ilitab see p\u00fcsivalt oma omadused ka k\u00f5rge temperatuuriga keskkonnas.<\/h2>\n<h2>Silikoonkumm ei sobi kasutamiseks k\u00f5rgsurve auruga.<\/h2>\n","protected":false},"featured_media":8961,"template":"","meta":{"inline_featured_image":false},"product_brand":[],"product_cat":[1315,1851],"product_tag":[1706,1528],"class_list":{"0":"post-18108","1":"product","2":"type-product","3":"status-publish","4":"has-post-thumbnail","6":"product_cat-kummi-muuk-ja-tootlus","7":"product_cat-kummid","8":"product_tag-cnc-works-et","9":"product_tag-rull-et","10":"pa_color-piimjas","11":"pa_color-punane","12":"pa_color-sinine","14":"first","15":"instock","16":"taxable","17":"shipping-taxable","18":"purchasable","19":"product-type-variable"},"jetpack_sharing_enabled":true,"_links":{"self":[{"href":"https:\/\/tootmisdetail.ee\/et\/wp-json\/wp\/v2\/product\/18108","targetHints":{"allow":["GET"]}}],"collection":[{"href":"https:\/\/tootmisdetail.ee\/et\/wp-json\/wp\/v2\/product"}],"about":[{"href":"https:\/\/tootmisdetail.ee\/et\/wp-json\/wp\/v2\/types\/product"}],"wp:featuredmedia":[{"embeddable":true,"href":"https:\/\/tootmisdetail.ee\/et\/wp-json\/wp\/v2\/media\/8961"}],"wp:attachment":[{"href":"https:\/\/tootmisdetail.ee\/et\/wp-json\/wp\/v2\/media?parent=18108"}],"wp:term":[{"taxonomy":"product_brand","embeddable":true,"href":"https:\/\/tootmisdetail.ee\/et\/wp-json\/wp\/v2\/product_brand?post=18108"},{"taxonomy":"product_cat","embeddable":true,"href":"https:\/\/tootmisdetail.ee\/et\/wp-json\/wp\/v2\/product_cat?post=18108"},{"taxonomy":"product_tag","embeddable":true,"href":"https:\/\/tootmisdetail.ee\/et\/wp-json\/wp\/v2\/product_tag?post=18108"}],"curies":[{"name":"wp","href":"https:\/\/api.w.org\/{rel}","templated":true}]}}