{"id":18024,"date":"2023-03-28T09:23:47","date_gmt":"2023-03-28T09:23:47","guid":{"rendered":"https:\/\/shop.tootmisdetail.ee\/product\/nr-kummi\/"},"modified":"2023-05-19T14:29:25","modified_gmt":"2023-05-19T14:29:25","slug":"nr-kumm","status":"publish","type":"product","link":"https:\/\/tootmisdetail.ee\/et\/toode\/nr-kumm\/","title":{"rendered":"NR kumm"},"content":{"rendered":"","protected":false},"excerpt":{"rendered":"<h2>NR kumm, mida tuntakse ka loodusliku kummi nime all, on kummit\u00fc\u00fcp, millel on suurep\u00e4rane kulumiskindlus, samuti muljetavaldav elastsus ja rebenemistugevus.<\/h2>\n<h2>Siiski on oluline m\u00e4rkida, et looduslik kumm ei sobi kasutamiseks v\u00e4listingimustes, kuna see on v\u00e4ga tundlik keskkonnategurite, n\u00e4iteks p\u00e4ikesevalguse ja ilmastikutingimuste poolt p\u00f5hjustatud kahjustuste suhtes.<\/h2>\n","protected":false},"featured_media":8674,"template":"","meta":{"inline_featured_image":false},"product_brand":[],"product_cat":[1315,1851],"product_tag":[1706,1528],"class_list":{"0":"post-18024","1":"product","2":"type-product","3":"status-publish","4":"has-post-thumbnail","6":"product_cat-kummi-muuk-ja-tootlus","7":"product_cat-kummid","8":"product_tag-cnc-works-et","9":"product_tag-rull-et","10":"pa_color-beez","11":"pa_color-hall","12":"pa_color-must","13":"pa_color-punane","14":"pa_color-valge","16":"first","17":"instock","18":"taxable","19":"shipping-taxable","20":"purchasable","21":"product-type-variable","22":"has-default-attributes"},"jetpack_sharing_enabled":true,"_links":{"self":[{"href":"https:\/\/tootmisdetail.ee\/et\/wp-json\/wp\/v2\/product\/18024","targetHints":{"allow":["GET"]}}],"collection":[{"href":"https:\/\/tootmisdetail.ee\/et\/wp-json\/wp\/v2\/product"}],"about":[{"href":"https:\/\/tootmisdetail.ee\/et\/wp-json\/wp\/v2\/types\/product"}],"wp:featuredmedia":[{"embeddable":true,"href":"https:\/\/tootmisdetail.ee\/et\/wp-json\/wp\/v2\/media\/8674"}],"wp:attachment":[{"href":"https:\/\/tootmisdetail.ee\/et\/wp-json\/wp\/v2\/media?parent=18024"}],"wp:term":[{"taxonomy":"product_brand","embeddable":true,"href":"https:\/\/tootmisdetail.ee\/et\/wp-json\/wp\/v2\/product_brand?post=18024"},{"taxonomy":"product_cat","embeddable":true,"href":"https:\/\/tootmisdetail.ee\/et\/wp-json\/wp\/v2\/product_cat?post=18024"},{"taxonomy":"product_tag","embeddable":true,"href":"https:\/\/tootmisdetail.ee\/et\/wp-json\/wp\/v2\/product_tag?post=18024"}],"curies":[{"name":"wp","href":"https:\/\/api.w.org\/{rel}","templated":true}]}}