{"id":16416,"date":"2023-04-18T13:52:56","date_gmt":"2023-04-18T13:52:56","guid":{"rendered":"https:\/\/shop.tootmisdetail.ee\/?post_type=product&#038;p=16416"},"modified":"2025-07-19T06:25:50","modified_gmt":"2025-07-19T06:25:50","slug":"monoliitne-polukarbonaat","status":"publish","type":"product","link":"https:\/\/tootmisdetail.ee\/et\/toode\/monoliitne-polukarbonaat\/","title":{"rendered":"Monoliitne pol\u00fckarbonaat"},"content":{"rendered":"<h1>Pol\u00fckarbonaatplaadid &#8211; parim valik mitmek\u00fclgsete plastmaterjalide vajaduste jaoks<\/h1>\n<p>Tutvustame meie kvaliteetseid pol\u00fckarbonaatplaate, mis on teie mitmek\u00fclgsete vajaduste rahuldamiseks loodud \u00fclim plastmass. Meie pol\u00fckarbonaatplaadid sobivad ideaalselt erinevateks rakendusteks, nagu kasvuhooned, katused ja DIY-projektid, ning neil on v\u00f5rratu vastupidavus ja selgus. Need on valmistatud tipptasemel materjalidest, mis on konstrueeritud nii, et need toimiksid ka \u00e4\u00e4rmuslikes tingimustes, s\u00e4ilitades samal ajal elegantse ja kaasaegse v\u00e4limuse.<\/p>\n<h2>Meie pol\u00fckarbonaatlehtede peamised omadused<\/h2>\n<ol>\n<li>Suurep\u00e4rane vastupidavus: Meie pol\u00fckarbonaatplaadid on l\u00f6\u00f6gikindlad, tagades pikaajalise toimivuse isegi keerulistes tingimustes.<\/li>\n<li>Erakordne selgus: Valgusl\u00e4bivus on \u00fcle 90%, mist\u00f5ttu on meie lehed suurep\u00e4rase n\u00e4htavuse ja heledusega, mis muudab need ideaalselt sobivaks mitmesuguste rakenduste jaoks.<\/li>\n<li>UV-kaitse: See kaitseb teie v\u00e4\u00e4rtuslikke esemeid kahjulike kiirituste eest ja pikendab nende eluiga.<\/li>\n<li>Lihtne t\u00f6\u00f6tada: Meie pol\u00fckarbonaatplaate on kerge ja lihtne l\u00f5igata, mist\u00f5ttu on neid ideaalne valik nii harrastajatele kui ka professionaalidele.<\/li>\n<li>Lai valik rakendusi: Meie pol\u00fckarbonaatplaadid sobivad arvukateks kasutusaladeks nii sise- kui ka v\u00e4listingimustes, alates kasvuhoonetest ja katuseakendest kuni kaitsebarj\u00e4\u00e4ride ja m\u00e4rgistusteni.<\/li>\n<\/ol>\n<h3>Miks valida meie pol\u00fckarbonaatplaadid?<\/h3>\n<p>Meie pol\u00fckarbonaatplaadid ei ole mitte ainult usaldusv\u00e4\u00e4rsed ja vastupidavad, vaid tagavad ka vastavuse t\u00f6\u00f6stusstandarditele ja keskkonnanormidele. Valides meie tooted, investeerite oma plastmaterjalide vajaduste jaoks j\u00e4tkusuutlikku ja suure j\u00f5udlusega lahendusse.<\/p>\n<h4>Korduma kippuvad k\u00fcsimused<\/h4>\n<ul>\n<li>Kuidas puhastada ja hooldada oma pol\u00fckarbonaatplaate?<\/li>\n<li>Mis vahe on pol\u00fckarbonaat- ja akr\u00fc\u00fclplaatide vahel?<\/li>\n<li>Kas ma saan kohandada oma pol\u00fckarbonaatplaatide suurust ja paksust?<\/li>\n<li>Kuidas paigaldada pol\u00fckarbonaatplaate?<\/li>\n<li>Millised on minu tellimuse saatmise ja kohaletoimetamise v\u00f5imalused?<\/li>\n<\/ul>\n<p>T\u00f5stke oma j\u00e4rgmine projekt esile meie tipptasemel pol\u00fckarbonaatplaatide abil, mis on t\u00e4iuslik plastmaterjal paljude rakenduste jaoks. Nautige meie kvaliteetsete toodete v\u00f5rratut vastupidavust, selgust ja kasutusmugavust. Tellige oma pol\u00fckarbonaatplaadid juba t\u00e4na ja kogege erinevust!<\/p>\n","protected":false},"excerpt":{"rendered":"<h2>Monoliitne pol\u00fckarbonaat on suure tugevusega tehniline plast, mille kasutustemperatuuri vahemik on -60 \u00b0C kuni +120 \u00b0C.<\/h2>\n<h2>Monoliitne pol\u00fckarbonaat on tuntud oma j\u00e4ikuse ja l\u00f6\u00f6gikindluse poolest, mist\u00f5ttu on see tehniline plast populaarne valik vastupidavust n\u00f5udvate detailide valmistamiseks<\/h2>\n<h2>Monoliitne pol\u00fckarbonaat, t\u00e4nu oma suurep\u00e4rastele optilistele omadustele, on tehniline plast, mis sobib ideaalselt ka l\u00e4\u00e4tsede ja ekraanikaitsete valmistamiseks.<\/h2>\n<p>Monoliitne pol\u00fckarbonaat on:<\/p>\n<ul>\n<li>kuumakindel (HEAT)<\/li>\n<li>merevee suhtes vastupidav (SWR)<\/li>\n<li>purunemiskindel (SP)<\/li>\n<li>UV-kindel (UV-rated)<\/li>\n<li>ilmastikukindel (WP).<\/li>\n<\/ul>\n","protected":false},"featured_media":4434,"template":"","meta":{"inline_featured_image":false},"product_brand":[],"product_cat":[1313,1828],"product_tag":[1706,1425],"class_list":{"0":"post-16416","1":"product","2":"type-product","3":"status-publish","4":"has-post-thumbnail","6":"product_cat-lehtplast","7":"product_cat-polukarbonaat-pc","8":"product_tag-cnc-works-et","9":"product_tag-whole-sheet-et","10":"pa_color-labipaistev","11":"pa_temperature-range-60-120-c-et","13":"first","14":"instock","15":"taxable","16":"shipping-taxable","17":"purchasable","18":"product-type-variable"},"jetpack_sharing_enabled":true,"_links":{"self":[{"href":"https:\/\/tootmisdetail.ee\/et\/wp-json\/wp\/v2\/product\/16416","targetHints":{"allow":["GET"]}}],"collection":[{"href":"https:\/\/tootmisdetail.ee\/et\/wp-json\/wp\/v2\/product"}],"about":[{"href":"https:\/\/tootmisdetail.ee\/et\/wp-json\/wp\/v2\/types\/product"}],"wp:featuredmedia":[{"embeddable":true,"href":"https:\/\/tootmisdetail.ee\/et\/wp-json\/wp\/v2\/media\/4434"}],"wp:attachment":[{"href":"https:\/\/tootmisdetail.ee\/et\/wp-json\/wp\/v2\/media?parent=16416"}],"wp:term":[{"taxonomy":"product_brand","embeddable":true,"href":"https:\/\/tootmisdetail.ee\/et\/wp-json\/wp\/v2\/product_brand?post=16416"},{"taxonomy":"product_cat","embeddable":true,"href":"https:\/\/tootmisdetail.ee\/et\/wp-json\/wp\/v2\/product_cat?post=16416"},{"taxonomy":"product_tag","embeddable":true,"href":"https:\/\/tootmisdetail.ee\/et\/wp-json\/wp\/v2\/product_tag?post=16416"}],"curies":[{"name":"wp","href":"https:\/\/api.w.org\/{rel}","templated":true}]}}