{"id":26939,"date":"2023-05-25T08:36:30","date_gmt":"2023-05-25T08:36:30","guid":{"rendered":"https:\/\/tootmisdetail.ee\/elastomeerid-2\/"},"modified":"2024-07-25T12:32:06","modified_gmt":"2024-07-25T12:32:06","slug":"elastomeerid-2","status":"publish","type":"page","link":"https:\/\/tootmisdetail.ee\/et\/elastomeerid-2\/","title":{"rendered":"Elastomeerid"},"content":{"rendered":"\n<h1>Elastomeerid.<\/h1>\n<h2>Leia allpool Elastomeeride v\u00f5rdlustabel.<\/h2>\n<table>\n<thead>\n<tr>\n<th>L\u00fchend<\/th>\n<th>Keemiline \u00fchend<\/th>\n<th>\u00dcldised omadused<\/th>\n<th>Kasutamine<\/th>\n<th>T\u00f6\u00f6temperatuur (\u00b0C)<\/th>\n<th>Tihedus (g\/cm3)<\/th>\n<th>Pikendus murdmisel (%)<\/th>\n<th>T\u00f5mbetugevus (N\/mm2)<\/th>\n<\/tr>\n<\/thead>\n<tbody>\n<tr>\n<td>BR<\/td>\n<td>Butadieen-kummi<\/td>\n<td>K\u00f5rge kulumiskindlus<\/td>\n<td>Rehvid, rihmad, kiilrihmad<\/td>\n<td>-60 &#8230; +90<\/td>\n<td>0.94<\/td>\n<td>450<\/td>\n<td>2 (18)<\/td>\n<\/tr>\n<tr>\n<td>CCO<\/td>\n<td>Epikloroh\u00fcdriinkummi<\/td>\n<td>Vibratsioonisummutus, \u00f5li- ja bensiinikindel<\/td>\n<td>Tihendid, kuumakindlad l\u00f6\u00f6gi- ja vibratsioonikindlad summutid<\/td>\n<td>-30 &#8230; +120<\/td>\n<td>1.27<\/td>\n<td>250<\/td>\n<td>11 (25)<\/td>\n<\/tr>\n<tr>\n<td>CR<\/td>\n<td>Kloropreenist kummi Neopreenist kummi<\/td>\n<td>\u00d5li- ja \u00f5nnelik, v\u00e4ga tuleohtlik<\/td>\n<td>Tihendid, voolikud, kiilrihmad<\/td>\n<td>-30 &#8230; +110<\/td>\n<td>1.25<\/td>\n<td>400<\/td>\n<td>11 (25)<\/td>\n<\/tr>\n<tr>\n<td>CSM<\/td>\n<td>Klorosulfoonpol\u00fcet\u00fcleenkummi<\/td>\n<td>Vananemis- ja ilmastikukindel, \u00f5likindel<\/td>\n<td>Isolatsioonimaterjal, valandid, kiled<\/td>\n<td>-30 &#8230; +120<\/td>\n<td>1.25<\/td>\n<td>300<\/td>\n<td>18 (20)<\/td>\n<\/tr>\n<tr>\n<td>EPDM<\/td>\n<td>Et\u00fcleenprop\u00fcleen-kummi<\/td>\n<td>Hea elektriisolaator, \u00f5li- ja bensiinikindel<\/td>\n<td>Tihendid, profiilid, puhvrid, k\u00fclmaveevoolikud<\/td>\n<td>-50 &#8230; +120<\/td>\n<td>0.86<\/td>\n<td>500<\/td>\n<td>4 (25)<\/td>\n<\/tr>\n<tr>\n<td>EKM<\/td>\n<td>Fluorkaut\u0161uk<\/td>\n<td>Kulumiskindel, parim kuumakindlus<\/td>\n<td>\u00d5hus\u00f5iduki- ja autot\u00f6\u00f6stus, v\u00f5llidetailid, O-r\u00f5ngad<\/td>\n<td>-10 &#8230; +190<\/td>\n<td>1.85<\/td>\n<td>450<\/td>\n<td>2 (15)<\/td>\n<\/tr>\n<tr>\n<td>IIR<\/td>\n<td>Isobuteen-isopreen-kummi<\/td>\n<td>Atmosf\u00e4\u00e4ri- ja osoonikindel<\/td>\n<td>Kaabli isolatsioon, autovoolikud<\/td>\n<td>-30 &#8230; +120<\/td>\n<td>0.93<\/td>\n<td>600<\/td>\n<td>5 (21)<\/td>\n<\/tr>\n<tr>\n<td>IR<\/td>\n<td>Isopreenist kummi<\/td>\n<td>Madal \u00f5likindlus, k\u00f5rge tugevus<\/td>\n<td>Veoauto rehvid, kevadised elemendid<\/td>\n<td>-60 &#8230; +60<\/td>\n<td>0.93<\/td>\n<td>500<\/td>\n<td>1 (24)<\/td>\n<\/tr>\n<tr>\n<td>NBR<\/td>\n<td>Akr\u00fc\u00fclnitriil-butadieenkaut\u0161uk<\/td>\n<td>kulumiskindel, \u00f5li- ja bensiinikindel<\/td>\n<td>Elektrijuhtmed, O-r\u00f5ngad, h\u00fcdraulilised voolikud, v\u00f5lli tihendid, otsatihendid<\/td>\n<td>-20 &#8230; +110<\/td>\n<td>1.00<\/td>\n<td>450<\/td>\n<td>6 (25)<\/td>\n<\/tr>\n<tr>\n<td>NR<\/td>\n<td>Looduslik kaut\u0161uk Isopreenkaut\u0161uk<\/td>\n<td>Madal \u00f5likindlus, k\u00f5rge tugevus<\/td>\n<td>Veoauto rehvid, kevadised elemendid<\/td>\n<td>-60 &#8230; +70<\/td>\n<td>0.93<\/td>\n<td>600<\/td>\n<td>22 (27)<\/td>\n<\/tr>\n<tr>\n<td>PUR<\/td>\n<td>Pol\u00fcuretaankumm<\/td>\n<td>Elastne, kulumiskindel<\/td>\n<td>Ajastusrihmad, tihendid, sidurihmamuhvid<\/td>\n<td>-30 &#8230; +100<\/td>\n<td>1.25<\/td>\n<td>450<\/td>\n<td>20 (30)<\/td>\n<\/tr>\n<tr>\n<td>SIR<\/td>\n<td>St\u00fcreen-isopreen-kummi<\/td>\n<td>Hea elektriline isolaator, vett h\u00fclgav<\/td>\n<td>O-r\u00f5ngad, s\u00fc\u00fctek\u00fc\u00fcnla katted, ploki pea tihendid, liidesetihendid<\/td>\n<td>-80 &#8230; +180<\/td>\n<td>1.25<\/td>\n<td>250<\/td>\n<td>(8)<\/td>\n<\/tr>\n<tr>\n<td>SBR<\/td>\n<td>St\u00fcreen-butadieenkaut\u0161uk<\/td>\n<td>Madal \u00f5li- ja bensiinikindlus<\/td>\n<td>Rehvid, voolikud, kaablikatted<\/td>\n<td>-30 &#8230; +80<\/td>\n<td>0.94<\/td>\n<td>500<\/td>\n<td>5 (25)<\/td>\n<\/tr>\n<\/tbody>\n<\/table>\n<p>1) DIN ISO 1629 (1992-03).<\/p>\n<p>2) Sulgudes olev v\u00e4\u00e4rtus = lisa- v\u00f5i t\u00e4iteainega tugevdatud elastomeer.<\/p>\n<p> <\/p>\n\n","protected":false},"excerpt":{"rendered":"","protected":false},"author":1,"featured_media":0,"parent":0,"menu_order":0,"comment_status":"closed","ping_status":"closed","template":"","meta":{"inline_featured_image":false,"footnotes":""},"class_list":["post-26939","page","type-page","status-publish","hentry"],"jetpack_sharing_enabled":true,"_links":{"self":[{"href":"https:\/\/tootmisdetail.ee\/et\/wp-json\/wp\/v2\/pages\/26939","targetHints":{"allow":["GET"]}}],"collection":[{"href":"https:\/\/tootmisdetail.ee\/et\/wp-json\/wp\/v2\/pages"}],"about":[{"href":"https:\/\/tootmisdetail.ee\/et\/wp-json\/wp\/v2\/types\/page"}],"author":[{"embeddable":true,"href":"https:\/\/tootmisdetail.ee\/et\/wp-json\/wp\/v2\/users\/1"}],"replies":[{"embeddable":true,"href":"https:\/\/tootmisdetail.ee\/et\/wp-json\/wp\/v2\/comments?post=26939"}],"version-history":[{"count":1,"href":"https:\/\/tootmisdetail.ee\/et\/wp-json\/wp\/v2\/pages\/26939\/revisions"}],"predecessor-version":[{"id":26941,"href":"https:\/\/tootmisdetail.ee\/et\/wp-json\/wp\/v2\/pages\/26939\/revisions\/26941"}],"wp:attachment":[{"href":"https:\/\/tootmisdetail.ee\/et\/wp-json\/wp\/v2\/media?parent=26939"}],"curies":[{"name":"wp","href":"https:\/\/api.w.org\/{rel}","templated":true}]}}